{"id":2937,"date":"2023-12-13T10:59:59","date_gmt":"2023-12-13T07:59:59","guid":{"rendered":"https:\/?post_type=product&#038;p=2937"},"modified":"2025-07-14T18:08:51","modified_gmt":"2025-07-14T15:08:51","slug":"realistic-3d-mockup-of-cardboard-gift-box-shipping-carton","status":"publish","type":"product","link":"https:\/\/pngate.com\/fr\/produit\/maquette-3d-realiste-de-carton-boite-cadeau-carton-dexpedition\/","title":{"rendered":"Maquette 3D r\u00e9aliste d&#039;un carton d&#039;exp\u00e9dition de bo\u00eete-cadeau en carton"},"content":{"rendered":"","protected":false},"excerpt":{"rendered":"","protected":false},"featured_media":2939,"template":"","meta":{"om_disable_all_campaigns":false,"_monsterinsights_skip_tracking":false,"_monsterinsights_sitenote_active":false,"_monsterinsights_sitenote_note":"","_monsterinsights_sitenote_category":0,"_uf_show_specific_survey":0,"_uf_disable_surveys":false},"product_brand":[],"product_cat":[126,124,1733,1478,1661],"product_tag":[159,581,164,589,588,579,688,657,656,651,689,241,654,655,168,687,653,652],"class_list":{"0":"post-2937","1":"product","2":"type-product","3":"status-publish","4":"has-post-thumbnail","6":"product_cat-3d-graphics","7":"product_cat-clipart","8":"product_cat-gifts","9":"product_cat-mockups","10":"product_cat-patterns","11":"product_tag-3d","12":"product_tag-3d-model","13":"product_tag-3d-render","14":"product_tag-box","15":"product_tag-cardboard","16":"product_tag-delivery","17":"product_tag-delivery-box","18":"product_tag-download-transparent-png","19":"product_tag-free","20":"product_tag-free-png","21":"product_tag-gift-box","22":"product_tag-mockup","23":"product_tag-png","24":"product_tag-png-image","25":"product_tag-realistic","26":"product_tag-shipping-box","27":"product_tag-transparent-background","28":"product_tag-transparent-png","30":"first","31":"instock","32":"downloadable","33":"virtual","34":"purchasable","35":"product-type-simple"},"aioseo_notices":[],"_links":{"self":[{"href":"https:\/\/pngate.com\/fr\/wp-json\/wp\/v2\/product\/2937","targetHints":{"allow":["GET"]}}],"collection":[{"href":"https:\/\/pngate.com\/fr\/wp-json\/wp\/v2\/product"}],"about":[{"href":"https:\/\/pngate.com\/fr\/wp-json\/wp\/v2\/types\/product"}],"version-history":[{"count":2,"href":"https:\/\/pngate.com\/fr\/wp-json\/wp\/v2\/product\/2937\/revisions"}],"predecessor-version":[{"id":15748,"href":"https:\/\/pngate.com\/fr\/wp-json\/wp\/v2\/product\/2937\/revisions\/15748"}],"wp:featuredmedia":[{"embeddable":true,"href":"https:\/\/pngate.com\/fr\/wp-json\/wp\/v2\/media\/2939"}],"wp:attachment":[{"href":"https:\/\/pngate.com\/fr\/wp-json\/wp\/v2\/media?parent=2937"}],"wp:term":[{"taxonomy":"product_brand","embeddable":true,"href":"https:\/\/pngate.com\/fr\/wp-json\/wp\/v2\/product_brand?post=2937"},{"taxonomy":"product_cat","embeddable":true,"href":"https:\/\/pngate.com\/fr\/wp-json\/wp\/v2\/product_cat?post=2937"},{"taxonomy":"product_tag","embeddable":true,"href":"https:\/\/pngate.com\/fr\/wp-json\/wp\/v2\/product_tag?post=2937"}],"curies":[{"name":"wp","href":"https:\/\/api.w.org\/{rel}","templated":true}]}}