{"id":2945,"date":"2023-12-13T11:03:48","date_gmt":"2023-12-13T08:03:48","guid":{"rendered":"https:\/?post_type=product&#038;p=2945"},"modified":"2025-07-14T18:08:51","modified_gmt":"2025-07-14T15:08:51","slug":"broken-heart-gradiented","status":"publish","type":"product","link":"https:\/\/pngate.com\/fr\/produit\/coeur-brise\/","title":{"rendered":"Coeur bris\u00e9 d\u00e9grad\u00e9"},"content":{"rendered":"","protected":false},"excerpt":{"rendered":"","protected":false},"featured_media":2947,"template":"","meta":{"om_disable_all_campaigns":false,"_monsterinsights_skip_tracking":false,"_monsterinsights_sitenote_active":false,"_monsterinsights_sitenote_note":"","_monsterinsights_sitenote_category":0,"_uf_show_specific_survey":0,"_uf_disable_surveys":false},"product_brand":[],"product_cat":[124,1942,1739],"product_tag":[694,693,657,656,651,148,166,165,654,655,162,163,653,652,690],"class_list":{"0":"post-2945","1":"product","2":"type-product","3":"status-publish","4":"has-post-thumbnail","6":"product_cat-clipart","7":"product_cat-emojis","8":"product_cat-hearts","9":"product_tag-broken","10":"product_tag-broken-heart","11":"product_tag-download-transparent-png","12":"product_tag-free","13":"product_tag-free-png","14":"product_tag-gradient","15":"product_tag-heart","16":"product_tag-love","17":"product_tag-png","18":"product_tag-png-image","19":"product_tag-red","20":"product_tag-red-heart","21":"product_tag-transparent-background","22":"product_tag-transparent-png","23":"product_tag-vector","25":"first","26":"instock","27":"downloadable","28":"virtual","29":"purchasable","30":"product-type-simple"},"aioseo_notices":[],"_links":{"self":[{"href":"https:\/\/pngate.com\/fr\/wp-json\/wp\/v2\/product\/2945","targetHints":{"allow":["GET"]}}],"collection":[{"href":"https:\/\/pngate.com\/fr\/wp-json\/wp\/v2\/product"}],"about":[{"href":"https:\/\/pngate.com\/fr\/wp-json\/wp\/v2\/types\/product"}],"version-history":[{"count":2,"href":"https:\/\/pngate.com\/fr\/wp-json\/wp\/v2\/product\/2945\/revisions"}],"predecessor-version":[{"id":15750,"href":"https:\/\/pngate.com\/fr\/wp-json\/wp\/v2\/product\/2945\/revisions\/15750"}],"wp:featuredmedia":[{"embeddable":true,"href":"https:\/\/pngate.com\/fr\/wp-json\/wp\/v2\/media\/2947"}],"wp:attachment":[{"href":"https:\/\/pngate.com\/fr\/wp-json\/wp\/v2\/media?parent=2945"}],"wp:term":[{"taxonomy":"product_brand","embeddable":true,"href":"https:\/\/pngate.com\/fr\/wp-json\/wp\/v2\/product_brand?post=2945"},{"taxonomy":"product_cat","embeddable":true,"href":"https:\/\/pngate.com\/fr\/wp-json\/wp\/v2\/product_cat?post=2945"},{"taxonomy":"product_tag","embeddable":true,"href":"https:\/\/pngate.com\/fr\/wp-json\/wp\/v2\/product_tag?post=2945"}],"curies":[{"name":"wp","href":"https:\/\/api.w.org\/{rel}","templated":true}]}}