{"id":2949,"date":"2023-12-13T11:06:11","date_gmt":"2023-12-13T08:06:11","guid":{"rendered":"https:\/?post_type=product&#038;p=2949"},"modified":"2025-07-14T18:08:51","modified_gmt":"2025-07-14T15:08:51","slug":"broken-heart-realistic-3d","status":"publish","type":"product","link":"https:\/\/pngate.com\/fr\/produit\/coeur-brise-realiste-3d\/","title":{"rendered":"Coeur bris\u00e9 r\u00e9aliste mod\u00e8le 3D"},"content":{"rendered":"","protected":false},"excerpt":{"rendered":"","protected":false},"featured_media":2951,"template":"","meta":{"om_disable_all_campaigns":false,"_monsterinsights_skip_tracking":false,"_monsterinsights_sitenote_active":false,"_monsterinsights_sitenote_note":"","_monsterinsights_sitenote_category":0,"_uf_show_specific_survey":0,"_uf_disable_surveys":false},"product_brand":[],"product_cat":[126,124,1739],"product_tag":[159,581,164,694,693,657,656,651,148,166,165,654,655,168,162,163,653,652],"class_list":{"0":"post-2949","1":"product","2":"type-product","3":"status-publish","4":"has-post-thumbnail","6":"product_cat-3d-graphics","7":"product_cat-clipart","8":"product_cat-hearts","9":"product_tag-3d","10":"product_tag-3d-model","11":"product_tag-3d-render","12":"product_tag-broken","13":"product_tag-broken-heart","14":"product_tag-download-transparent-png","15":"product_tag-free","16":"product_tag-free-png","17":"product_tag-gradient","18":"product_tag-heart","19":"product_tag-love","20":"product_tag-png","21":"product_tag-png-image","22":"product_tag-realistic","23":"product_tag-red","24":"product_tag-red-heart","25":"product_tag-transparent-background","26":"product_tag-transparent-png","28":"first","29":"instock","30":"downloadable","31":"virtual","32":"purchasable","33":"product-type-simple"},"aioseo_notices":[],"_links":{"self":[{"href":"https:\/\/pngate.com\/fr\/wp-json\/wp\/v2\/product\/2949","targetHints":{"allow":["GET"]}}],"collection":[{"href":"https:\/\/pngate.com\/fr\/wp-json\/wp\/v2\/product"}],"about":[{"href":"https:\/\/pngate.com\/fr\/wp-json\/wp\/v2\/types\/product"}],"version-history":[{"count":2,"href":"https:\/\/pngate.com\/fr\/wp-json\/wp\/v2\/product\/2949\/revisions"}],"predecessor-version":[{"id":15751,"href":"https:\/\/pngate.com\/fr\/wp-json\/wp\/v2\/product\/2949\/revisions\/15751"}],"wp:featuredmedia":[{"embeddable":true,"href":"https:\/\/pngate.com\/fr\/wp-json\/wp\/v2\/media\/2951"}],"wp:attachment":[{"href":"https:\/\/pngate.com\/fr\/wp-json\/wp\/v2\/media?parent=2949"}],"wp:term":[{"taxonomy":"product_brand","embeddable":true,"href":"https:\/\/pngate.com\/fr\/wp-json\/wp\/v2\/product_brand?post=2949"},{"taxonomy":"product_cat","embeddable":true,"href":"https:\/\/pngate.com\/fr\/wp-json\/wp\/v2\/product_cat?post=2949"},{"taxonomy":"product_tag","embeddable":true,"href":"https:\/\/pngate.com\/fr\/wp-json\/wp\/v2\/product_tag?post=2949"}],"curies":[{"name":"wp","href":"https:\/\/api.w.org\/{rel}","templated":true}]}}