{"id":3378,"date":"2025-03-12T02:45:20","date_gmt":"2025-03-11T23:45:20","guid":{"rendered":"https:\/\/pngate.com\/?post_type=product&#038;p=3378"},"modified":"2025-07-14T18:09:31","modified_gmt":"2025-07-14T15:09:31","slug":"castle-shimmer-and-shine-house-beautiful-princess-castle-free-png-download","status":"publish","type":"product","link":"https:\/\/pngate.com\/fr\/produit\/castle-shimmer-and-shine-house-beautiful-princess-castle-free-png-download\/","title":{"rendered":"Ch\u00e2teau Shimmer and Shine House \u2013 Magnifique ch\u00e2teau de princesse \u00e0 t\u00e9l\u00e9charger gratuitement au format PNG"},"content":{"rendered":"","protected":false},"excerpt":{"rendered":"","protected":false},"featured_media":3377,"template":"","meta":{"om_disable_all_campaigns":false,"_monsterinsights_skip_tracking":false,"_monsterinsights_sitenote_active":false,"_monsterinsights_sitenote_note":"","_monsterinsights_sitenote_category":0,"_uf_show_specific_survey":0,"_uf_disable_surveys":false},"product_brand":[],"product_cat":[124,136,1661,125,1792],"product_tag":[849,847,801,848,803,804,739,842,799,800],"class_list":{"0":"post-3378","1":"product","2":"type-product","3":"status-publish","4":"has-post-thumbnail","6":"product_cat-clipart","7":"product_cat-fantasy","8":"product_cat-patterns","9":"product_cat-people","10":"product_cat-wedding","11":"product_tag-architecture","12":"product_tag-beautiful","13":"product_tag-castle","14":"product_tag-fairytale","15":"product_tag-fantasy","16":"product_tag-house","17":"product_tag-magical","18":"product_tag-princess","19":"product_tag-shimmer","20":"product_tag-shine","22":"first","23":"instock","24":"downloadable","25":"virtual","26":"purchasable","27":"product-type-simple"},"aioseo_notices":[],"_links":{"self":[{"href":"https:\/\/pngate.com\/fr\/wp-json\/wp\/v2\/product\/3378","targetHints":{"allow":["GET"]}}],"collection":[{"href":"https:\/\/pngate.com\/fr\/wp-json\/wp\/v2\/product"}],"about":[{"href":"https:\/\/pngate.com\/fr\/wp-json\/wp\/v2\/types\/product"}],"version-history":[{"count":2,"href":"https:\/\/pngate.com\/fr\/wp-json\/wp\/v2\/product\/3378\/revisions"}],"predecessor-version":[{"id":15790,"href":"https:\/\/pngate.com\/fr\/wp-json\/wp\/v2\/product\/3378\/revisions\/15790"}],"wp:featuredmedia":[{"embeddable":true,"href":"https:\/\/pngate.com\/fr\/wp-json\/wp\/v2\/media\/3377"}],"wp:attachment":[{"href":"https:\/\/pngate.com\/fr\/wp-json\/wp\/v2\/media?parent=3378"}],"wp:term":[{"taxonomy":"product_brand","embeddable":true,"href":"https:\/\/pngate.com\/fr\/wp-json\/wp\/v2\/product_brand?post=3378"},{"taxonomy":"product_cat","embeddable":true,"href":"https:\/\/pngate.com\/fr\/wp-json\/wp\/v2\/product_cat?post=3378"},{"taxonomy":"product_tag","embeddable":true,"href":"https:\/\/pngate.com\/fr\/wp-json\/wp\/v2\/product_tag?post=3378"}],"curies":[{"name":"wp","href":"https:\/\/api.w.org\/{rel}","templated":true}]}}