{"id":3390,"date":"2025-03-12T06:45:20","date_gmt":"2025-03-12T03:45:20","guid":{"rendered":"https:\/\/pngate.com\/?post_type=product&#038;p=3390"},"modified":"2025-07-14T18:09:31","modified_gmt":"2025-07-14T15:09:31","slug":"disney-witches-as-main-villains-in-iconic-scenes-free-png-download","status":"publish","type":"product","link":"https:\/\/pngate.com\/fr\/produit\/disney-witches-as-main-villains-in-iconic-scenes-free-png-download\/","title":{"rendered":"Les sorci\u00e8res de Disney, m\u00e9chantes principales dans des sc\u00e8nes embl\u00e9matiques, t\u00e9l\u00e9chargement gratuit au format PNG"},"content":{"rendered":"","protected":false},"excerpt":{"rendered":"","protected":false},"featured_media":3389,"template":"","meta":{"om_disable_all_campaigns":false,"_monsterinsights_skip_tracking":false,"_monsterinsights_sitenote_active":false,"_monsterinsights_sitenote_note":"","_monsterinsights_sitenote_category":0,"_uf_show_specific_survey":0,"_uf_disable_surveys":false},"product_brand":[],"product_cat":[136,1736,14],"product_tag":[601,683,809,803,837,830,836,838,835,834],"class_list":{"0":"post-3390","1":"product","2":"type-product","3":"status-publish","4":"has-post-thumbnail","6":"product_cat-fantasy","7":"product_cat-halloween","8":"product_cat-icons","9":"product_tag-animation","10":"product_tag-characters","11":"product_tag-disney","12":"product_tag-fantasy","13":"product_tag-iconic","14":"product_tag-magic","15":"product_tag-scenes","16":"product_tag-storytelling","17":"product_tag-villains","18":"product_tag-witches","20":"first","21":"instock","22":"downloadable","23":"virtual","24":"purchasable","25":"product-type-simple"},"aioseo_notices":[],"_links":{"self":[{"href":"https:\/\/pngate.com\/fr\/wp-json\/wp\/v2\/product\/3390","targetHints":{"allow":["GET"]}}],"collection":[{"href":"https:\/\/pngate.com\/fr\/wp-json\/wp\/v2\/product"}],"about":[{"href":"https:\/\/pngate.com\/fr\/wp-json\/wp\/v2\/types\/product"}],"version-history":[{"count":2,"href":"https:\/\/pngate.com\/fr\/wp-json\/wp\/v2\/product\/3390\/revisions"}],"predecessor-version":[{"id":15794,"href":"https:\/\/pngate.com\/fr\/wp-json\/wp\/v2\/product\/3390\/revisions\/15794"}],"wp:featuredmedia":[{"embeddable":true,"href":"https:\/\/pngate.com\/fr\/wp-json\/wp\/v2\/media\/3389"}],"wp:attachment":[{"href":"https:\/\/pngate.com\/fr\/wp-json\/wp\/v2\/media?parent=3390"}],"wp:term":[{"taxonomy":"product_brand","embeddable":true,"href":"https:\/\/pngate.com\/fr\/wp-json\/wp\/v2\/product_brand?post=3390"},{"taxonomy":"product_cat","embeddable":true,"href":"https:\/\/pngate.com\/fr\/wp-json\/wp\/v2\/product_cat?post=3390"},{"taxonomy":"product_tag","embeddable":true,"href":"https:\/\/pngate.com\/fr\/wp-json\/wp\/v2\/product_tag?post=3390"}],"curies":[{"name":"wp","href":"https:\/\/api.w.org\/{rel}","templated":true}]}}