{"id":3523,"date":"2025-03-14T00:40:50","date_gmt":"2025-03-13T21:40:50","guid":{"rendered":"https:\/\/pngate.com\/?post_type=product&#038;p=3523"},"modified":"2025-07-14T18:10:03","modified_gmt":"2025-07-14T15:10:03","slug":"chick-fil-a-logo-bistro-png-image-for-free-download","status":"publish","type":"product","link":"https:\/\/pngate.com\/fr\/produit\/chick-fil-a-logo-bistro-png-image-for-free-download\/","title":{"rendered":"Image PNG du logo Chick-Fil-A Bistro \u00e0 t\u00e9l\u00e9charger gratuitement"},"content":{"rendered":"","protected":false},"excerpt":{"rendered":"","protected":false},"featured_media":3522,"template":"","meta":{"om_disable_all_campaigns":false,"_monsterinsights_skip_tracking":false,"_monsterinsights_sitenote_active":false,"_monsterinsights_sitenote_note":"","_monsterinsights_sitenote_category":0,"_uf_show_specific_survey":0,"_uf_disable_surveys":false},"product_brand":[],"product_cat":[344,129,1964],"product_tag":[777,716,940,942,115,941,943,774],"class_list":{"0":"post-3523","1":"product","2":"type-product","3":"status-publish","4":"has-post-thumbnail","6":"product_cat-food","7":"product_cat-logos","8":"product_cat-restaurants","9":"product_tag-bistro","10":"product_tag-branding","11":"product_tag-chick-fil-a","12":"product_tag-culinary","13":"product_tag-dining","14":"product_tag-fastfood","15":"product_tag-promotional","16":"product_tag-restaurant","18":"first","19":"instock","20":"downloadable","21":"virtual","22":"purchasable","23":"product-type-simple"},"aioseo_notices":[],"_links":{"self":[{"href":"https:\/\/pngate.com\/fr\/wp-json\/wp\/v2\/product\/3523","targetHints":{"allow":["GET"]}}],"collection":[{"href":"https:\/\/pngate.com\/fr\/wp-json\/wp\/v2\/product"}],"about":[{"href":"https:\/\/pngate.com\/fr\/wp-json\/wp\/v2\/types\/product"}],"version-history":[{"count":2,"href":"https:\/\/pngate.com\/fr\/wp-json\/wp\/v2\/product\/3523\/revisions"}],"predecessor-version":[{"id":15826,"href":"https:\/\/pngate.com\/fr\/wp-json\/wp\/v2\/product\/3523\/revisions\/15826"}],"wp:featuredmedia":[{"embeddable":true,"href":"https:\/\/pngate.com\/fr\/wp-json\/wp\/v2\/media\/3522"}],"wp:attachment":[{"href":"https:\/\/pngate.com\/fr\/wp-json\/wp\/v2\/media?parent=3523"}],"wp:term":[{"taxonomy":"product_brand","embeddable":true,"href":"https:\/\/pngate.com\/fr\/wp-json\/wp\/v2\/product_brand?post=3523"},{"taxonomy":"product_cat","embeddable":true,"href":"https:\/\/pngate.com\/fr\/wp-json\/wp\/v2\/product_cat?post=3523"},{"taxonomy":"product_tag","embeddable":true,"href":"https:\/\/pngate.com\/fr\/wp-json\/wp\/v2\/product_tag?post=3523"}],"curies":[{"name":"wp","href":"https:\/\/api.w.org\/{rel}","templated":true}]}}