{"id":3563,"date":"2025-03-14T01:46:30","date_gmt":"2025-03-13T22:46:30","guid":{"rendered":"https:\/\/pngate.com\/?post_type=product&#038;p=3563"},"modified":"2025-07-14T18:10:20","modified_gmt":"2025-07-14T15:10:20","slug":"louis-vuitton-pattern-stylish-black-design-for-free-png-download","status":"publish","type":"product","link":"https:\/\/pngate.com\/fr\/produit\/louis-vuitton-pattern-stylish-black-design-for-free-png-download\/","title":{"rendered":"Motif Louis Vuitton \u2013 Design noir \u00e9l\u00e9gant \u00e0 t\u00e9l\u00e9charger gratuitement au format PNG"},"content":{"rendered":"","protected":false},"excerpt":{"rendered":"","protected":false},"featured_media":3562,"template":"","meta":{"om_disable_all_campaigns":false,"_monsterinsights_skip_tracking":false,"_monsterinsights_sitenote_active":false,"_monsterinsights_sitenote_note":"","_monsterinsights_sitenote_category":0,"_uf_show_specific_survey":0,"_uf_disable_surveys":false},"product_brand":[],"product_cat":[1822,1661],"product_tag":[141,976,961,944,710,450,794,962,945],"class_list":{"0":"post-3563","1":"product","2":"type-product","3":"status-publish","4":"has-post-thumbnail","6":"product_cat-fashion","7":"product_cat-patterns","8":"product_tag-black","9":"product_tag-chic","10":"product_tag-fashion","11":"product_tag-louis","12":"product_tag-luxury","13":"product_tag-pattern","14":"product_tag-stylish","15":"product_tag-textile","16":"product_tag-vuitton","18":"first","19":"instock","20":"downloadable","21":"virtual","22":"purchasable","23":"product-type-simple"},"aioseo_notices":[],"_links":{"self":[{"href":"https:\/\/pngate.com\/fr\/wp-json\/wp\/v2\/product\/3563","targetHints":{"allow":["GET"]}}],"collection":[{"href":"https:\/\/pngate.com\/fr\/wp-json\/wp\/v2\/product"}],"about":[{"href":"https:\/\/pngate.com\/fr\/wp-json\/wp\/v2\/types\/product"}],"version-history":[{"count":2,"href":"https:\/\/pngate.com\/fr\/wp-json\/wp\/v2\/product\/3563\/revisions"}],"predecessor-version":[{"id":15839,"href":"https:\/\/pngate.com\/fr\/wp-json\/wp\/v2\/product\/3563\/revisions\/15839"}],"wp:featuredmedia":[{"embeddable":true,"href":"https:\/\/pngate.com\/fr\/wp-json\/wp\/v2\/media\/3562"}],"wp:attachment":[{"href":"https:\/\/pngate.com\/fr\/wp-json\/wp\/v2\/media?parent=3563"}],"wp:term":[{"taxonomy":"product_brand","embeddable":true,"href":"https:\/\/pngate.com\/fr\/wp-json\/wp\/v2\/product_brand?post=3563"},{"taxonomy":"product_cat","embeddable":true,"href":"https:\/\/pngate.com\/fr\/wp-json\/wp\/v2\/product_cat?post=3563"},{"taxonomy":"product_tag","embeddable":true,"href":"https:\/\/pngate.com\/fr\/wp-json\/wp\/v2\/product_tag?post=3563"}],"curies":[{"name":"wp","href":"https:\/\/api.w.org\/{rel}","templated":true}]}}