{"id":3581,"date":"2025-03-14T02:16:24","date_gmt":"2025-03-13T23:16:24","guid":{"rendered":"https:\/\/pngate.com\/?post_type=product&#038;p=3581"},"modified":"2025-07-14T18:10:28","modified_gmt":"2025-07-14T15:10:28","slug":"set-of-three-red-arrows-for-directional-guidance-free-png-download","status":"publish","type":"product","link":"https:\/\/pngate.com\/fr\/produit\/set-of-three-red-arrows-for-directional-guidance-free-png-download\/","title":{"rendered":"Ensemble de trois fl\u00e8ches rouges pour le guidage directionnel (t\u00e9l\u00e9chargement PNG gratuit)"},"content":{"rendered":"","protected":false},"excerpt":{"rendered":"","protected":false},"featured_media":3580,"template":"","meta":{"om_disable_all_campaigns":false,"_monsterinsights_skip_tracking":false,"_monsterinsights_sitenote_active":false,"_monsterinsights_sitenote_note":"","_monsterinsights_sitenote_category":0,"_uf_show_specific_survey":0,"_uf_disable_surveys":false},"product_brand":[],"product_cat":[1695,1698,124,130],"product_tag":[977,995,894,996,998,970,997,162,156,161],"class_list":{"0":"post-3581","1":"product","2":"type-product","3":"status-publish","4":"has-post-thumbnail","6":"product_cat-arrows","7":"product_cat-backgrounds","8":"product_cat-clipart","9":"product_cat-social-web","10":"product_tag-arrows","11":"product_tag-directional","12":"product_tag-graphics","13":"product_tag-guidance","14":"product_tag-markers","15":"product_tag-navigation","16":"product_tag-pointers","17":"product_tag-red","18":"product_tag-set","19":"product_tag-sign","21":"first","22":"instock","23":"downloadable","24":"virtual","25":"purchasable","26":"product-type-simple"},"aioseo_notices":[],"_links":{"self":[{"href":"https:\/\/pngate.com\/fr\/wp-json\/wp\/v2\/product\/3581","targetHints":{"allow":["GET"]}}],"collection":[{"href":"https:\/\/pngate.com\/fr\/wp-json\/wp\/v2\/product"}],"about":[{"href":"https:\/\/pngate.com\/fr\/wp-json\/wp\/v2\/types\/product"}],"version-history":[{"count":2,"href":"https:\/\/pngate.com\/fr\/wp-json\/wp\/v2\/product\/3581\/revisions"}],"predecessor-version":[{"id":15845,"href":"https:\/\/pngate.com\/fr\/wp-json\/wp\/v2\/product\/3581\/revisions\/15845"}],"wp:featuredmedia":[{"embeddable":true,"href":"https:\/\/pngate.com\/fr\/wp-json\/wp\/v2\/media\/3580"}],"wp:attachment":[{"href":"https:\/\/pngate.com\/fr\/wp-json\/wp\/v2\/media?parent=3581"}],"wp:term":[{"taxonomy":"product_brand","embeddable":true,"href":"https:\/\/pngate.com\/fr\/wp-json\/wp\/v2\/product_brand?post=3581"},{"taxonomy":"product_cat","embeddable":true,"href":"https:\/\/pngate.com\/fr\/wp-json\/wp\/v2\/product_cat?post=3581"},{"taxonomy":"product_tag","embeddable":true,"href":"https:\/\/pngate.com\/fr\/wp-json\/wp\/v2\/product_tag?post=3581"}],"curies":[{"name":"wp","href":"https:\/\/api.w.org\/{rel}","templated":true}]}}