{"id":3599,"date":"2025-03-14T02:46:20","date_gmt":"2025-03-13T23:46:20","guid":{"rendered":"https:\/\/pngate.com\/?post_type=product&#038;p=3599"},"modified":"2025-07-14T18:10:28","modified_gmt":"2025-07-14T15:10:28","slug":"snapchat-logo-yellow-icon-for-easy-and-stylish-png-download-for-free","status":"publish","type":"product","link":"https:\/\/pngate.com\/fr\/produit\/snapchat-logo-yellow-icon-for-easy-and-stylish-png-download-for-free\/","title":{"rendered":"Ic\u00f4ne jaune du logo Snapchat pour un t\u00e9l\u00e9chargement PNG simple et \u00e9l\u00e9gant gratuit"},"content":{"rendered":"","protected":false},"excerpt":{"rendered":"","protected":false},"featured_media":3598,"template":"","meta":{"om_disable_all_campaigns":false,"_monsterinsights_skip_tracking":false,"_monsterinsights_sitenote_active":false,"_monsterinsights_sitenote_note":"","_monsterinsights_sitenote_category":0,"_uf_show_specific_survey":0,"_uf_disable_surveys":false},"product_brand":[],"product_cat":[14,130],"product_tag":[726,716,980,1000,999,744,794,796,819,143],"class_list":{"0":"post-3599","1":"product","2":"type-product","3":"status-publish","4":"has-post-thumbnail","6":"product_cat-icons","7":"product_cat-social-web","8":"product_tag-app","9":"product_tag-branding","10":"product_tag-creative","11":"product_tag-media","12":"product_tag-snapchat","13":"product_tag-social","14":"product_tag-stylish","15":"product_tag-trendy","16":"product_tag-visuals","17":"product_tag-yellow","19":"first","20":"instock","21":"downloadable","22":"virtual","23":"purchasable","24":"product-type-simple"},"aioseo_notices":[],"_links":{"self":[{"href":"https:\/\/pngate.com\/fr\/wp-json\/wp\/v2\/product\/3599","targetHints":{"allow":["GET"]}}],"collection":[{"href":"https:\/\/pngate.com\/fr\/wp-json\/wp\/v2\/product"}],"about":[{"href":"https:\/\/pngate.com\/fr\/wp-json\/wp\/v2\/types\/product"}],"version-history":[{"count":2,"href":"https:\/\/pngate.com\/fr\/wp-json\/wp\/v2\/product\/3599\/revisions"}],"predecessor-version":[{"id":15851,"href":"https:\/\/pngate.com\/fr\/wp-json\/wp\/v2\/product\/3599\/revisions\/15851"}],"wp:featuredmedia":[{"embeddable":true,"href":"https:\/\/pngate.com\/fr\/wp-json\/wp\/v2\/media\/3598"}],"wp:attachment":[{"href":"https:\/\/pngate.com\/fr\/wp-json\/wp\/v2\/media?parent=3599"}],"wp:term":[{"taxonomy":"product_brand","embeddable":true,"href":"https:\/\/pngate.com\/fr\/wp-json\/wp\/v2\/product_brand?post=3599"},{"taxonomy":"product_cat","embeddable":true,"href":"https:\/\/pngate.com\/fr\/wp-json\/wp\/v2\/product_cat?post=3599"},{"taxonomy":"product_tag","embeddable":true,"href":"https:\/\/pngate.com\/fr\/wp-json\/wp\/v2\/product_tag?post=3599"}],"curies":[{"name":"wp","href":"https:\/\/api.w.org\/{rel}","templated":true}]}}