{"id":3602,"date":"2025-03-14T02:50:49","date_gmt":"2025-03-13T23:50:49","guid":{"rendered":"https:\/\/pngate.com\/?post_type=product&#038;p=3602"},"modified":"2025-07-14T18:10:36","modified_gmt":"2025-07-14T15:10:36","slug":"tiktok-logo-text-black-high-quality-free-png-download-for-free","status":"publish","type":"product","link":"https:\/\/pngate.com\/fr\/produit\/tiktok-logo-text-black-high-quality-free-png-download-for-free\/","title":{"rendered":"Logo TikTok noir \u2013 T\u00e9l\u00e9chargement gratuit au format PNG haute qualit\u00e9"},"content":{"rendered":"","protected":false},"excerpt":{"rendered":"","protected":false},"featured_media":3601,"template":"","meta":{"om_disable_all_campaigns":false,"_monsterinsights_skip_tracking":false,"_monsterinsights_sitenote_active":false,"_monsterinsights_sitenote_note":"","_monsterinsights_sitenote_category":0,"_uf_show_specific_survey":0,"_uf_disable_surveys":false},"product_brand":[],"product_cat":[129,1752,130],"product_tag":[141,716,928,1000,768,744,435,1002,796],"class_list":{"0":"post-3602","1":"product","2":"type-product","3":"status-publish","4":"has-post-thumbnail","6":"product_cat-logos","7":"product_cat-minimalist","8":"product_cat-social-web","9":"product_tag-black","10":"product_tag-branding","11":"product_tag-high-quality","12":"product_tag-media","13":"product_tag-modern","14":"product_tag-social","15":"product_tag-text","16":"product_tag-tiktok","17":"product_tag-trendy","19":"first","20":"instock","21":"downloadable","22":"virtual","23":"purchasable","24":"product-type-simple"},"aioseo_notices":[],"_links":{"self":[{"href":"https:\/\/pngate.com\/fr\/wp-json\/wp\/v2\/product\/3602","targetHints":{"allow":["GET"]}}],"collection":[{"href":"https:\/\/pngate.com\/fr\/wp-json\/wp\/v2\/product"}],"about":[{"href":"https:\/\/pngate.com\/fr\/wp-json\/wp\/v2\/types\/product"}],"version-history":[{"count":2,"href":"https:\/\/pngate.com\/fr\/wp-json\/wp\/v2\/product\/3602\/revisions"}],"predecessor-version":[{"id":15852,"href":"https:\/\/pngate.com\/fr\/wp-json\/wp\/v2\/product\/3602\/revisions\/15852"}],"wp:featuredmedia":[{"embeddable":true,"href":"https:\/\/pngate.com\/fr\/wp-json\/wp\/v2\/media\/3601"}],"wp:attachment":[{"href":"https:\/\/pngate.com\/fr\/wp-json\/wp\/v2\/media?parent=3602"}],"wp:term":[{"taxonomy":"product_brand","embeddable":true,"href":"https:\/\/pngate.com\/fr\/wp-json\/wp\/v2\/product_brand?post=3602"},{"taxonomy":"product_cat","embeddable":true,"href":"https:\/\/pngate.com\/fr\/wp-json\/wp\/v2\/product_cat?post=3602"},{"taxonomy":"product_tag","embeddable":true,"href":"https:\/\/pngate.com\/fr\/wp-json\/wp\/v2\/product_tag?post=3602"}],"curies":[{"name":"wp","href":"https:\/\/api.w.org\/{rel}","templated":true}]}}