{"id":3605,"date":"2025-03-14T02:55:38","date_gmt":"2025-03-13T23:55:38","guid":{"rendered":"https:\/\/pngate.com\/?post_type=product&#038;p=3605"},"modified":"2025-07-14T18:10:36","modified_gmt":"2025-07-14T15:10:36","slug":"tiktok-icon-logo-in-black-treble-clef-design-free-png-download","status":"publish","type":"product","link":"https:\/\/pngate.com\/fr\/produit\/tiktok-icon-logo-in-black-treble-clef-design-free-png-download\/","title":{"rendered":"Ic\u00f4ne TikTok avec cl\u00e9 de sol noire, t\u00e9l\u00e9chargement PNG gratuit"},"content":{"rendered":"","protected":false},"excerpt":{"rendered":"","protected":false},"featured_media":3604,"template":"","meta":{"om_disable_all_campaigns":false,"_monsterinsights_skip_tracking":false,"_monsterinsights_sitenote_active":false,"_monsterinsights_sitenote_note":"","_monsterinsights_sitenote_category":0,"_uf_show_specific_survey":0,"_uf_disable_surveys":false},"product_brand":[],"product_cat":[138,130],"product_tag":[141,716,1004,881,1000,1005,744,1002,1003],"class_list":{"0":"post-3605","1":"product","2":"type-product","3":"status-publish","4":"has-post-thumbnail","6":"product_cat-music","7":"product_cat-social-web","8":"product_tag-black","9":"product_tag-branding","10":"product_tag-clef","11":"product_tag-entertainment","12":"product_tag-media","13":"product_tag-music","14":"product_tag-social","15":"product_tag-tiktok","16":"product_tag-treble","18":"first","19":"instock","20":"downloadable","21":"virtual","22":"purchasable","23":"product-type-simple"},"aioseo_notices":[],"_links":{"self":[{"href":"https:\/\/pngate.com\/fr\/wp-json\/wp\/v2\/product\/3605","targetHints":{"allow":["GET"]}}],"collection":[{"href":"https:\/\/pngate.com\/fr\/wp-json\/wp\/v2\/product"}],"about":[{"href":"https:\/\/pngate.com\/fr\/wp-json\/wp\/v2\/types\/product"}],"version-history":[{"count":2,"href":"https:\/\/pngate.com\/fr\/wp-json\/wp\/v2\/product\/3605\/revisions"}],"predecessor-version":[{"id":15853,"href":"https:\/\/pngate.com\/fr\/wp-json\/wp\/v2\/product\/3605\/revisions\/15853"}],"wp:featuredmedia":[{"embeddable":true,"href":"https:\/\/pngate.com\/fr\/wp-json\/wp\/v2\/media\/3604"}],"wp:attachment":[{"href":"https:\/\/pngate.com\/fr\/wp-json\/wp\/v2\/media?parent=3605"}],"wp:term":[{"taxonomy":"product_brand","embeddable":true,"href":"https:\/\/pngate.com\/fr\/wp-json\/wp\/v2\/product_brand?post=3605"},{"taxonomy":"product_cat","embeddable":true,"href":"https:\/\/pngate.com\/fr\/wp-json\/wp\/v2\/product_cat?post=3605"},{"taxonomy":"product_tag","embeddable":true,"href":"https:\/\/pngate.com\/fr\/wp-json\/wp\/v2\/product_tag?post=3605"}],"curies":[{"name":"wp","href":"https:\/\/api.w.org\/{rel}","templated":true}]}}