{"id":3644,"date":"2025-03-14T04:01:56","date_gmt":"2025-03-14T01:01:56","guid":{"rendered":"https:\/\/pngate.com\/?post_type=product&#038;p=3644"},"modified":"2025-07-14T18:10:44","modified_gmt":"2025-07-14T15:10:44","slug":"google-tasks-logo-main-icon-for-productivity-enhancement-free-png-download","status":"publish","type":"product","link":"https:\/\/pngate.com\/fr\/produit\/logo-google-tasks-icone-principale-pour-lamelioration-de-la-productivite-telechargement-gratuit-au-format-png\/","title":{"rendered":"Logo Google Tasks \u2013 Ic\u00f4ne principale pour l&#039;am\u00e9lioration de la productivit\u00e9, t\u00e9l\u00e9chargement PNG gratuit"},"content":{"rendered":"","protected":false},"excerpt":{"rendered":"","protected":false},"featured_media":3643,"template":"","meta":{"om_disable_all_campaigns":false,"_monsterinsights_skip_tracking":false,"_monsterinsights_sitenote_active":false,"_monsterinsights_sitenote_note":"","_monsterinsights_sitenote_category":0,"_uf_show_specific_survey":0,"_uf_disable_surveys":false},"product_brand":[],"product_cat":[14,124,1752,1393,130],"product_tag":[1042,1039,609,1040,1041,1043,1033,1045,1038,1044],"class_list":{"0":"post-3644","1":"product","2":"type-product","3":"status-publish","4":"has-post-thumbnail","6":"product_cat-icons","7":"product_cat-clipart","8":"product_cat-minimalist","9":"product_cat-office-stationery","10":"product_cat-social-web","11":"product_tag-efficiency","12":"product_tag-enhancement","13":"product_tag-google","14":"product_tag-management","15":"product_tag-organization","16":"product_tag-planner","17":"product_tag-productivity","18":"product_tag-task","19":"product_tag-tasks","20":"product_tag-to-do","22":"first","23":"instock","24":"downloadable","25":"virtual","26":"purchasable","27":"product-type-simple"},"aioseo_notices":[],"_links":{"self":[{"href":"https:\/\/pngate.com\/fr\/wp-json\/wp\/v2\/product\/3644","targetHints":{"allow":["GET"]}}],"collection":[{"href":"https:\/\/pngate.com\/fr\/wp-json\/wp\/v2\/product"}],"about":[{"href":"https:\/\/pngate.com\/fr\/wp-json\/wp\/v2\/types\/product"}],"version-history":[{"count":2,"href":"https:\/\/pngate.com\/fr\/wp-json\/wp\/v2\/product\/3644\/revisions"}],"predecessor-version":[{"id":15866,"href":"https:\/\/pngate.com\/fr\/wp-json\/wp\/v2\/product\/3644\/revisions\/15866"}],"wp:featuredmedia":[{"embeddable":true,"href":"https:\/\/pngate.com\/fr\/wp-json\/wp\/v2\/media\/3643"}],"wp:attachment":[{"href":"https:\/\/pngate.com\/fr\/wp-json\/wp\/v2\/media?parent=3644"}],"wp:term":[{"taxonomy":"product_brand","embeddable":true,"href":"https:\/\/pngate.com\/fr\/wp-json\/wp\/v2\/product_brand?post=3644"},{"taxonomy":"product_cat","embeddable":true,"href":"https:\/\/pngate.com\/fr\/wp-json\/wp\/v2\/product_cat?post=3644"},{"taxonomy":"product_tag","embeddable":true,"href":"https:\/\/pngate.com\/fr\/wp-json\/wp\/v2\/product_tag?post=3644"}],"curies":[{"name":"wp","href":"https:\/\/api.w.org\/{rel}","templated":true}]}}