{"id":3647,"date":"2025-03-14T04:05:36","date_gmt":"2025-03-14T01:05:36","guid":{"rendered":"https:\/\/pngate.com\/?post_type=product&#038;p=3647"},"modified":"2025-07-14T18:10:44","modified_gmt":"2025-07-14T15:10:44","slug":"google-slides-logo-main-icon-high-quality-design-for-free-png-download","status":"publish","type":"product","link":"https:\/\/pngate.com\/fr\/produit\/google-slides-logo-main-icon-high-quality-design-for-free-png-download\/","title":{"rendered":"Ic\u00f4ne principale du logo Google Slides \u2013 Design de haute qualit\u00e9 \u00e0 t\u00e9l\u00e9charger gratuitement au format PNG"},"content":{"rendered":"","protected":false},"excerpt":{"rendered":"","protected":false},"featured_media":3646,"template":"","meta":{"om_disable_all_campaigns":false,"_monsterinsights_skip_tracking":false,"_monsterinsights_sitenote_active":false,"_monsterinsights_sitenote_note":"","_monsterinsights_sitenote_category":0,"_uf_show_specific_survey":0,"_uf_disable_surveys":false},"product_brand":[],"product_cat":[1698,124,14,129,1783],"product_tag":[716,1049,609,1013,47,1047,1046,1048,819,1036],"class_list":{"0":"post-3647","1":"product","2":"type-product","3":"status-publish","4":"has-post-thumbnail","6":"product_cat-backgrounds","7":"product_cat-clipart","8":"product_cat-icons","9":"product_cat-logos","10":"product_cat-tools","11":"product_tag-branding","12":"product_tag-collaborative","13":"product_tag-google","14":"product_tag-multimedia","15":"product_tag-office","16":"product_tag-presentation","17":"product_tag-slides","18":"product_tag-tool","19":"product_tag-visuals","20":"product_tag-workspace","22":"first","23":"instock","24":"downloadable","25":"virtual","26":"purchasable","27":"product-type-simple"},"aioseo_notices":[],"_links":{"self":[{"href":"https:\/\/pngate.com\/fr\/wp-json\/wp\/v2\/product\/3647","targetHints":{"allow":["GET"]}}],"collection":[{"href":"https:\/\/pngate.com\/fr\/wp-json\/wp\/v2\/product"}],"about":[{"href":"https:\/\/pngate.com\/fr\/wp-json\/wp\/v2\/types\/product"}],"version-history":[{"count":2,"href":"https:\/\/pngate.com\/fr\/wp-json\/wp\/v2\/product\/3647\/revisions"}],"predecessor-version":[{"id":15867,"href":"https:\/\/pngate.com\/fr\/wp-json\/wp\/v2\/product\/3647\/revisions\/15867"}],"wp:featuredmedia":[{"embeddable":true,"href":"https:\/\/pngate.com\/fr\/wp-json\/wp\/v2\/media\/3646"}],"wp:attachment":[{"href":"https:\/\/pngate.com\/fr\/wp-json\/wp\/v2\/media?parent=3647"}],"wp:term":[{"taxonomy":"product_brand","embeddable":true,"href":"https:\/\/pngate.com\/fr\/wp-json\/wp\/v2\/product_brand?post=3647"},{"taxonomy":"product_cat","embeddable":true,"href":"https:\/\/pngate.com\/fr\/wp-json\/wp\/v2\/product_cat?post=3647"},{"taxonomy":"product_tag","embeddable":true,"href":"https:\/\/pngate.com\/fr\/wp-json\/wp\/v2\/product_tag?post=3647"}],"curies":[{"name":"wp","href":"https:\/\/api.w.org\/{rel}","templated":true}]}}