{"id":3897,"date":"2025-03-14T16:45:45","date_gmt":"2025-03-14T13:45:45","guid":{"rendered":"https:\/\/pngate.com\/?post_type=product&#038;p=3897"},"modified":"2025-07-14T18:11:41","modified_gmt":"2025-07-14T15:11:41","slug":"gojo-satoru-pointing-finger-image-download-free-png","status":"publish","type":"product","link":"https:\/\/pngate.com\/fr\/produit\/gojo-satoru-pointing-finger-image-download-free-png\/","title":{"rendered":"Gojo Satoru pointant du doigt Image \u00e0 t\u00e9l\u00e9charger gratuitement au format PNG"},"content":{"rendered":"","protected":false},"excerpt":{"rendered":"","protected":false},"featured_media":3896,"template":"","meta":{"om_disable_all_campaigns":false,"_monsterinsights_skip_tracking":false,"_monsterinsights_sitenote_active":false,"_monsterinsights_sitenote_note":"","_monsterinsights_sitenote_category":0,"_uf_show_specific_survey":0,"_uf_disable_surveys":false},"product_brand":[],"product_cat":[14,798],"product_tag":[815,1129,386,858,1165,362,1169,978,1166],"class_list":{"0":"post-3897","1":"product","2":"type-product","3":"status-publish","4":"has-post-thumbnail","6":"product_cat-icons","7":"product_cat-cartoon-anime","8":"product_tag-action","9":"product_tag-anime","10":"product_tag-character","11":"product_tag-finger","12":"product_tag-gojo","13":"product_tag-illustration","14":"product_tag-manga","15":"product_tag-pointing","16":"product_tag-satoru","18":"first","19":"instock","20":"downloadable","21":"virtual","22":"purchasable","23":"product-type-simple"},"aioseo_notices":[],"_links":{"self":[{"href":"https:\/\/pngate.com\/fr\/wp-json\/wp\/v2\/product\/3897","targetHints":{"allow":["GET"]}}],"collection":[{"href":"https:\/\/pngate.com\/fr\/wp-json\/wp\/v2\/product"}],"about":[{"href":"https:\/\/pngate.com\/fr\/wp-json\/wp\/v2\/types\/product"}],"version-history":[{"count":2,"href":"https:\/\/pngate.com\/fr\/wp-json\/wp\/v2\/product\/3897\/revisions"}],"predecessor-version":[{"id":15916,"href":"https:\/\/pngate.com\/fr\/wp-json\/wp\/v2\/product\/3897\/revisions\/15916"}],"wp:featuredmedia":[{"embeddable":true,"href":"https:\/\/pngate.com\/fr\/wp-json\/wp\/v2\/media\/3896"}],"wp:attachment":[{"href":"https:\/\/pngate.com\/fr\/wp-json\/wp\/v2\/media?parent=3897"}],"wp:term":[{"taxonomy":"product_brand","embeddable":true,"href":"https:\/\/pngate.com\/fr\/wp-json\/wp\/v2\/product_brand?post=3897"},{"taxonomy":"product_cat","embeddable":true,"href":"https:\/\/pngate.com\/fr\/wp-json\/wp\/v2\/product_cat?post=3897"},{"taxonomy":"product_tag","embeddable":true,"href":"https:\/\/pngate.com\/fr\/wp-json\/wp\/v2\/product_tag?post=3897"}],"curies":[{"name":"wp","href":"https:\/\/api.w.org\/{rel}","templated":true}]}}