{"id":3950,"date":"2025-03-16T04:09:32","date_gmt":"2025-03-16T01:09:32","guid":{"rendered":"https:\/\/pngate.com\/?post_type=product&#038;p=3950"},"modified":"2025-07-14T18:11:49","modified_gmt":"2025-07-14T15:11:49","slug":"cqb-halo-overview-from-four-sides-free-png","status":"publish","type":"product","link":"https:\/\/pngate.com\/fr\/produit\/cqb-halo-overview-from-four-sides-free-png\/","title":{"rendered":"Aper\u00e7u du Halo CQB (vue de quatre c\u00f4t\u00e9s) au format PNG gratuit"},"content":{"rendered":"","protected":false},"excerpt":{"rendered":"","protected":false},"featured_media":3949,"template":"","meta":{"om_disable_all_campaigns":false,"_monsterinsights_skip_tracking":false,"_monsterinsights_sitenote_active":false,"_monsterinsights_sitenote_note":"","_monsterinsights_sitenote_category":0,"_uf_show_specific_survey":0,"_uf_disable_surveys":false},"product_brand":[],"product_cat":[131,1933],"product_tag":[1209,1201,1204,1202,250,1203,1205,1208,1206,1207],"class_list":{"0":"post-3950","1":"product","2":"type-product","3":"status-publish","4":"has-post-thumbnail","6":"product_cat-figures","7":"product_cat-military","8":"product_tag-combat","9":"product_tag-cqb","10":"product_tag-four","11":"product_tag-halo","12":"product_tag-military","13":"product_tag-overview","14":"product_tag-sides","15":"product_tag-strategy","16":"product_tag-tactical","17":"product_tag-visualization","19":"first","20":"instock","21":"downloadable","22":"virtual","23":"purchasable","24":"product-type-simple"},"aioseo_notices":[],"_links":{"self":[{"href":"https:\/\/pngate.com\/fr\/wp-json\/wp\/v2\/product\/3950","targetHints":{"allow":["GET"]}}],"collection":[{"href":"https:\/\/pngate.com\/fr\/wp-json\/wp\/v2\/product"}],"about":[{"href":"https:\/\/pngate.com\/fr\/wp-json\/wp\/v2\/types\/product"}],"version-history":[{"count":2,"href":"https:\/\/pngate.com\/fr\/wp-json\/wp\/v2\/product\/3950\/revisions"}],"predecessor-version":[{"id":15927,"href":"https:\/\/pngate.com\/fr\/wp-json\/wp\/v2\/product\/3950\/revisions\/15927"}],"wp:featuredmedia":[{"embeddable":true,"href":"https:\/\/pngate.com\/fr\/wp-json\/wp\/v2\/media\/3949"}],"wp:attachment":[{"href":"https:\/\/pngate.com\/fr\/wp-json\/wp\/v2\/media?parent=3950"}],"wp:term":[{"taxonomy":"product_brand","embeddable":true,"href":"https:\/\/pngate.com\/fr\/wp-json\/wp\/v2\/product_brand?post=3950"},{"taxonomy":"product_cat","embeddable":true,"href":"https:\/\/pngate.com\/fr\/wp-json\/wp\/v2\/product_cat?post=3950"},{"taxonomy":"product_tag","embeddable":true,"href":"https:\/\/pngate.com\/fr\/wp-json\/wp\/v2\/product_tag?post=3950"}],"curies":[{"name":"wp","href":"https:\/\/api.w.org\/{rel}","templated":true}]}}