{"id":4176,"date":"2025-03-16T21:24:27","date_gmt":"2025-03-16T18:24:27","guid":{"rendered":"https:\/\/pngate.com\/?post_type=product&#038;p=4176"},"modified":"2025-07-14T18:12:30","modified_gmt":"2025-07-14T15:12:30","slug":"tampa-bay-buccaneers-main-logo-design-download-free-png","status":"publish","type":"product","link":"https:\/\/pngate.com\/fr\/produit\/logo-principal-des-buccaneers-de-tampa-bay-a-telecharger-gratuitement-au-format-png\/","title":{"rendered":"Logo principal des Buccaneers de Tampa Bay \u00e0 t\u00e9l\u00e9charger gratuitement au format PNG"},"content":{"rendered":"","protected":false},"excerpt":{"rendered":"","protected":false},"featured_media":4175,"template":"","meta":{"om_disable_all_campaigns":false,"_monsterinsights_skip_tracking":false,"_monsterinsights_sitenote_active":false,"_monsterinsights_sitenote_note":"","_monsterinsights_sitenote_category":0,"_uf_show_specific_survey":0,"_uf_disable_surveys":false},"product_brand":[],"product_cat":[123,129,139],"product_tag":[1297,716,1298,916,1300,1299,902,1296,899],"class_list":{"0":"post-4176","1":"product","2":"type-product","3":"status-publish","4":"has-post-thumbnail","6":"product_cat-animals","7":"product_cat-logos","8":"product_cat-sports","9":"product_tag-bay","10":"product_tag-branding","11":"product_tag-buccaneers","12":"product_tag-football","13":"product_tag-merchandise","14":"product_tag-nfl","15":"product_tag-sports","16":"product_tag-tampa","17":"product_tag-team","19":"first","20":"instock","21":"downloadable","22":"virtual","23":"purchasable","24":"product-type-simple"},"aioseo_notices":[],"_links":{"self":[{"href":"https:\/\/pngate.com\/fr\/wp-json\/wp\/v2\/product\/4176","targetHints":{"allow":["GET"]}}],"collection":[{"href":"https:\/\/pngate.com\/fr\/wp-json\/wp\/v2\/product"}],"about":[{"href":"https:\/\/pngate.com\/fr\/wp-json\/wp\/v2\/types\/product"}],"version-history":[{"count":2,"href":"https:\/\/pngate.com\/fr\/wp-json\/wp\/v2\/product\/4176\/revisions"}],"predecessor-version":[{"id":15969,"href":"https:\/\/pngate.com\/fr\/wp-json\/wp\/v2\/product\/4176\/revisions\/15969"}],"wp:featuredmedia":[{"embeddable":true,"href":"https:\/\/pngate.com\/fr\/wp-json\/wp\/v2\/media\/4175"}],"wp:attachment":[{"href":"https:\/\/pngate.com\/fr\/wp-json\/wp\/v2\/media?parent=4176"}],"wp:term":[{"taxonomy":"product_brand","embeddable":true,"href":"https:\/\/pngate.com\/fr\/wp-json\/wp\/v2\/product_brand?post=4176"},{"taxonomy":"product_cat","embeddable":true,"href":"https:\/\/pngate.com\/fr\/wp-json\/wp\/v2\/product_cat?post=4176"},{"taxonomy":"product_tag","embeddable":true,"href":"https:\/\/pngate.com\/fr\/wp-json\/wp\/v2\/product_tag?post=4176"}],"curies":[{"name":"wp","href":"https:\/\/api.w.org\/{rel}","templated":true}]}}