{"id":4199,"date":"2025-03-18T19:16:01","date_gmt":"2025-03-18T16:16:01","guid":{"rendered":"https:\/\/pngate.com\/?post_type=product&#038;p=4199"},"modified":"2025-07-14T18:12:38","modified_gmt":"2025-07-14T15:12:38","slug":"ferrari-red-sports-luxury-car-image-download-free-png","status":"publish","type":"product","link":"https:\/\/pngate.com\/fr\/produit\/ferrari-red-sports-luxury-car-image-download-free-png\/","title":{"rendered":"Image de voiture de sport de luxe rouge Ferrari \u00e0 t\u00e9l\u00e9charger gratuitement au format PNG"},"content":{"rendered":"","protected":false},"excerpt":{"rendered":"","protected":false},"featured_media":4198,"template":"","meta":{"om_disable_all_campaigns":false,"_monsterinsights_skip_tracking":false,"_monsterinsights_sitenote_active":false,"_monsterinsights_sitenote_note":"","_monsterinsights_sitenote_category":0,"_uf_show_specific_survey":0,"_uf_disable_surveys":false},"product_brand":[],"product_cat":[14,1698,133],"product_tag":[1307,1306,323,1308,710,964,1309,162,902],"class_list":{"0":"post-4199","1":"product","2":"type-product","3":"status-publish","4":"has-post-thumbnail","6":"product_cat-icons","7":"product_cat-backgrounds","8":"product_cat-cars-transport","9":"product_tag-automobile","10":"product_tag-car","11":"product_tag-ferrari","12":"product_tag-high-performance","13":"product_tag-luxury","14":"product_tag-premium","15":"product_tag-racing","16":"product_tag-red","17":"product_tag-sports","19":"first","20":"instock","21":"downloadable","22":"virtual","23":"purchasable","24":"product-type-simple"},"aioseo_notices":[],"_links":{"self":[{"href":"https:\/\/pngate.com\/fr\/wp-json\/wp\/v2\/product\/4199","targetHints":{"allow":["GET"]}}],"collection":[{"href":"https:\/\/pngate.com\/fr\/wp-json\/wp\/v2\/product"}],"about":[{"href":"https:\/\/pngate.com\/fr\/wp-json\/wp\/v2\/types\/product"}],"version-history":[{"count":2,"href":"https:\/\/pngate.com\/fr\/wp-json\/wp\/v2\/product\/4199\/revisions"}],"predecessor-version":[{"id":15974,"href":"https:\/\/pngate.com\/fr\/wp-json\/wp\/v2\/product\/4199\/revisions\/15974"}],"wp:featuredmedia":[{"embeddable":true,"href":"https:\/\/pngate.com\/fr\/wp-json\/wp\/v2\/media\/4198"}],"wp:attachment":[{"href":"https:\/\/pngate.com\/fr\/wp-json\/wp\/v2\/media?parent=4199"}],"wp:term":[{"taxonomy":"product_brand","embeddable":true,"href":"https:\/\/pngate.com\/fr\/wp-json\/wp\/v2\/product_brand?post=4199"},{"taxonomy":"product_cat","embeddable":true,"href":"https:\/\/pngate.com\/fr\/wp-json\/wp\/v2\/product_cat?post=4199"},{"taxonomy":"product_tag","embeddable":true,"href":"https:\/\/pngate.com\/fr\/wp-json\/wp\/v2\/product_tag?post=4199"}],"curies":[{"name":"wp","href":"https:\/\/api.w.org\/{rel}","templated":true}]}}