{"id":4239,"date":"2025-03-19T00:04:13","date_gmt":"2025-03-18T21:04:13","guid":{"rendered":"https:\/\/pngate.com\/?post_type=product&#038;p=4239"},"modified":"2025-07-14T18:12:46","modified_gmt":"2025-07-14T15:12:46","slug":"toyota-logo-png-image-for-download-free-png","status":"publish","type":"product","link":"https:\/\/pngate.com\/fr\/produit\/toyota-logo-png-image-for-download-free-png\/","title":{"rendered":"Image PNG du logo Toyota \u00e0 t\u00e9l\u00e9charger gratuitement"},"content":{"rendered":"","protected":false},"excerpt":{"rendered":"","protected":false},"featured_media":4238,"template":"","meta":{"om_disable_all_campaigns":false,"_monsterinsights_skip_tracking":false,"_monsterinsights_sitenote_active":false,"_monsterinsights_sitenote_note":"","_monsterinsights_sitenote_category":0,"_uf_show_specific_survey":0,"_uf_disable_surveys":false},"product_brand":[],"product_cat":[133,124,129],"product_tag":[1303,716,1306,984,949,1343,578,1200],"class_list":{"0":"post-4239","1":"product","2":"type-product","3":"status-publish","4":"has-post-thumbnail","6":"product_cat-cars-transport","7":"product_cat-clipart","8":"product_cat-logos","9":"product_tag-automotive","10":"product_tag-branding","11":"product_tag-car","12":"product_tag-corporate","13":"product_tag-symbol","14":"product_tag-toyota","15":"product_tag-transportation","16":"product_tag-vehicle","18":"first","19":"instock","20":"downloadable","21":"virtual","22":"purchasable","23":"product-type-simple"},"aioseo_notices":[],"_links":{"self":[{"href":"https:\/\/pngate.com\/fr\/wp-json\/wp\/v2\/product\/4239","targetHints":{"allow":["GET"]}}],"collection":[{"href":"https:\/\/pngate.com\/fr\/wp-json\/wp\/v2\/product"}],"about":[{"href":"https:\/\/pngate.com\/fr\/wp-json\/wp\/v2\/types\/product"}],"version-history":[{"count":2,"href":"https:\/\/pngate.com\/fr\/wp-json\/wp\/v2\/product\/4239\/revisions"}],"predecessor-version":[{"id":15984,"href":"https:\/\/pngate.com\/fr\/wp-json\/wp\/v2\/product\/4239\/revisions\/15984"}],"wp:featuredmedia":[{"embeddable":true,"href":"https:\/\/pngate.com\/fr\/wp-json\/wp\/v2\/media\/4238"}],"wp:attachment":[{"href":"https:\/\/pngate.com\/fr\/wp-json\/wp\/v2\/media?parent=4239"}],"wp:term":[{"taxonomy":"product_brand","embeddable":true,"href":"https:\/\/pngate.com\/fr\/wp-json\/wp\/v2\/product_brand?post=4239"},{"taxonomy":"product_cat","embeddable":true,"href":"https:\/\/pngate.com\/fr\/wp-json\/wp\/v2\/product_cat?post=4239"},{"taxonomy":"product_tag","embeddable":true,"href":"https:\/\/pngate.com\/fr\/wp-json\/wp\/v2\/product_tag?post=4239"}],"curies":[{"name":"wp","href":"https:\/\/api.w.org\/{rel}","templated":true}]}}