{"id":4475,"date":"2025-03-21T23:21:55","date_gmt":"2025-03-21T20:21:55","guid":{"rendered":"https:\/\/pngate.com\/?post_type=product&#038;p=4475"},"modified":"2025-07-14T18:13:43","modified_gmt":"2025-07-14T15:13:43","slug":"3d-realistic-metallic-instagram-logo-icon-free-png","status":"publish","type":"product","link":"https:\/\/pngate.com\/fr\/produit\/3d-realistic-metallic-instagram-logo-icon-free-png\/","title":{"rendered":"Ic\u00f4ne de logo Instagram m\u00e9tallique 3D r\u00e9aliste (PNG gratuit)"},"content":{"rendered":"","protected":false},"excerpt":{"rendered":"","protected":false},"featured_media":4474,"template":"","meta":{"om_disable_all_campaigns":false,"_monsterinsights_skip_tracking":false,"_monsterinsights_sitenote_active":false,"_monsterinsights_sitenote_note":"","_monsterinsights_sitenote_category":0,"_uf_show_specific_survey":0,"_uf_disable_surveys":false},"product_brand":[],"product_cat":[14,126,130],"product_tag":[159,716,186,328,168,744,757,933],"class_list":{"0":"post-4475","1":"product","2":"type-product","3":"status-publish","4":"has-post-thumbnail","6":"product_cat-icons","7":"product_cat-3d-graphics","8":"product_cat-social-web","9":"product_tag-3d","10":"product_tag-branding","11":"product_tag-instagram","12":"product_tag-metallic","13":"product_tag-realistic","14":"product_tag-social","15":"product_tag-technology","16":"product_tag-visual","18":"first","19":"instock","20":"downloadable","21":"virtual","22":"purchasable","23":"product-type-simple"},"aioseo_notices":[],"_links":{"self":[{"href":"https:\/\/pngate.com\/fr\/wp-json\/wp\/v2\/product\/4475","targetHints":{"allow":["GET"]}}],"collection":[{"href":"https:\/\/pngate.com\/fr\/wp-json\/wp\/v2\/product"}],"about":[{"href":"https:\/\/pngate.com\/fr\/wp-json\/wp\/v2\/types\/product"}],"version-history":[{"count":2,"href":"https:\/\/pngate.com\/fr\/wp-json\/wp\/v2\/product\/4475\/revisions"}],"predecessor-version":[{"id":16037,"href":"https:\/\/pngate.com\/fr\/wp-json\/wp\/v2\/product\/4475\/revisions\/16037"}],"wp:featuredmedia":[{"embeddable":true,"href":"https:\/\/pngate.com\/fr\/wp-json\/wp\/v2\/media\/4474"}],"wp:attachment":[{"href":"https:\/\/pngate.com\/fr\/wp-json\/wp\/v2\/media?parent=4475"}],"wp:term":[{"taxonomy":"product_brand","embeddable":true,"href":"https:\/\/pngate.com\/fr\/wp-json\/wp\/v2\/product_brand?post=4475"},{"taxonomy":"product_cat","embeddable":true,"href":"https:\/\/pngate.com\/fr\/wp-json\/wp\/v2\/product_cat?post=4475"},{"taxonomy":"product_tag","embeddable":true,"href":"https:\/\/pngate.com\/fr\/wp-json\/wp\/v2\/product_tag?post=4475"}],"curies":[{"name":"wp","href":"https:\/\/api.w.org\/{rel}","templated":true}]}}