{"id":4990,"date":"2025-03-30T22:07:14","date_gmt":"2025-03-30T19:07:14","guid":{"rendered":"https:\/\/pngate.com\/?post_type=product&#038;p=4990"},"modified":"2025-07-14T18:14:34","modified_gmt":"2025-07-14T15:14:34","slug":"apple-iphone-17-golden-image-download-free-png","status":"publish","type":"product","link":"https:\/\/pngate.com\/fr\/produit\/apple-iphone-17-golden-image-download-free-png\/","title":{"rendered":"Image dor\u00e9e de l&#039;iPhone 17 d&#039;Apple \u00e0 t\u00e9l\u00e9charger gratuitement au format PNG"},"content":{"rendered":"","protected":false},"excerpt":{"rendered":"","protected":false},"featured_media":4989,"template":"","meta":{"om_disable_all_campaigns":false,"_monsterinsights_skip_tracking":false,"_monsterinsights_sitenote_active":false,"_monsterinsights_sitenote_note":"","_monsterinsights_sitenote_category":0,"_uf_show_specific_survey":0,"_uf_disable_surveys":false},"product_brand":[],"product_cat":[134,1478,1760],"product_tag":[359,1560,170,365,710,886,364,757],"class_list":{"0":"post-4990","1":"product","2":"type-product","3":"status-publish","4":"has-post-thumbnail","6":"product_cat-electronics","7":"product_cat-mockups","8":"product_cat-phones","9":"product_tag-apple","10":"product_tag-gadget","11":"product_tag-golden","12":"product_tag-iphone","13":"product_tag-luxury","14":"product_tag-mobile","15":"product_tag-smartphone","16":"product_tag-technology","18":"first","19":"instock","20":"downloadable","21":"virtual","22":"purchasable","23":"product-type-simple"},"aioseo_notices":[],"_links":{"self":[{"href":"https:\/\/pngate.com\/fr\/wp-json\/wp\/v2\/product\/4990","targetHints":{"allow":["GET"]}}],"collection":[{"href":"https:\/\/pngate.com\/fr\/wp-json\/wp\/v2\/product"}],"about":[{"href":"https:\/\/pngate.com\/fr\/wp-json\/wp\/v2\/types\/product"}],"version-history":[{"count":2,"href":"https:\/\/pngate.com\/fr\/wp-json\/wp\/v2\/product\/4990\/revisions"}],"predecessor-version":[{"id":16090,"href":"https:\/\/pngate.com\/fr\/wp-json\/wp\/v2\/product\/4990\/revisions\/16090"}],"wp:featuredmedia":[{"embeddable":true,"href":"https:\/\/pngate.com\/fr\/wp-json\/wp\/v2\/media\/4989"}],"wp:attachment":[{"href":"https:\/\/pngate.com\/fr\/wp-json\/wp\/v2\/media?parent=4990"}],"wp:term":[{"taxonomy":"product_brand","embeddable":true,"href":"https:\/\/pngate.com\/fr\/wp-json\/wp\/v2\/product_brand?post=4990"},{"taxonomy":"product_cat","embeddable":true,"href":"https:\/\/pngate.com\/fr\/wp-json\/wp\/v2\/product_cat?post=4990"},{"taxonomy":"product_tag","embeddable":true,"href":"https:\/\/pngate.com\/fr\/wp-json\/wp\/v2\/product_tag?post=4990"}],"curies":[{"name":"wp","href":"https:\/\/api.w.org\/{rel}","templated":true}]}}