{"id":5036,"date":"2025-03-31T05:07:18","date_gmt":"2025-03-31T02:07:18","guid":{"rendered":"https:\/\/pngate.com\/?post_type=product&#038;p=5036"},"modified":"2025-07-14T18:14:50","modified_gmt":"2025-07-14T15:14:50","slug":"happy-easter-text-with-colorful-easter-eggs-free-png","status":"publish","type":"product","link":"https:\/\/pngate.com\/fr\/produit\/happy-easter-text-with-colorful-easter-eggs-free-png\/","title":{"rendered":"Texte de Joyeuses P\u00e2ques avec des \u0153ufs de P\u00e2ques color\u00e9s (PNG gratuit)"},"content":{"rendered":"","protected":false},"excerpt":{"rendered":"","protected":false},"featured_media":5035,"template":"","meta":{"om_disable_all_campaigns":false,"_monsterinsights_skip_tracking":false,"_monsterinsights_sitenote_active":false,"_monsterinsights_sitenote_note":"","_monsterinsights_sitenote_category":0,"_uf_show_specific_survey":0,"_uf_disable_surveys":false},"product_brand":[],"product_cat":[124,1720,128,1776,1782],"product_tag":[1635,24,1642,1452,1631,1643,1636],"class_list":{"0":"post-5036","1":"product","2":"type-product","3":"status-publish","4":"has-post-thumbnail","6":"product_cat-clipart","7":"product_cat-easter","8":"product_cat-holidays","9":"product_cat-spring","10":"product_cat-textures","11":"product_tag-colorful-eggs","12":"product_tag-decoration","13":"product_tag-easter-text","14":"product_tag-festive","15":"product_tag-happy-easter","16":"product_tag-holiday","17":"product_tag-spring-celebration","19":"first","20":"instock","21":"downloadable","22":"virtual","23":"purchasable","24":"product-type-simple"},"aioseo_notices":[],"_links":{"self":[{"href":"https:\/\/pngate.com\/fr\/wp-json\/wp\/v2\/product\/5036","targetHints":{"allow":["GET"]}}],"collection":[{"href":"https:\/\/pngate.com\/fr\/wp-json\/wp\/v2\/product"}],"about":[{"href":"https:\/\/pngate.com\/fr\/wp-json\/wp\/v2\/types\/product"}],"version-history":[{"count":2,"href":"https:\/\/pngate.com\/fr\/wp-json\/wp\/v2\/product\/5036\/revisions"}],"predecessor-version":[{"id":16104,"href":"https:\/\/pngate.com\/fr\/wp-json\/wp\/v2\/product\/5036\/revisions\/16104"}],"wp:featuredmedia":[{"embeddable":true,"href":"https:\/\/pngate.com\/fr\/wp-json\/wp\/v2\/media\/5035"}],"wp:attachment":[{"href":"https:\/\/pngate.com\/fr\/wp-json\/wp\/v2\/media?parent=5036"}],"wp:term":[{"taxonomy":"product_brand","embeddable":true,"href":"https:\/\/pngate.com\/fr\/wp-json\/wp\/v2\/product_brand?post=5036"},{"taxonomy":"product_cat","embeddable":true,"href":"https:\/\/pngate.com\/fr\/wp-json\/wp\/v2\/product_cat?post=5036"},{"taxonomy":"product_tag","embeddable":true,"href":"https:\/\/pngate.com\/fr\/wp-json\/wp\/v2\/product_tag?post=5036"}],"curies":[{"name":"wp","href":"https:\/\/api.w.org\/{rel}","templated":true}]}}