{"id":5090,"date":"2025-03-31T11:09:51","date_gmt":"2025-03-31T08:09:51","guid":{"rendered":"https:\/\/pngate.com\/?post_type=product&#038;p=5090"},"modified":"2025-07-14T18:15:06","modified_gmt":"2025-07-14T15:15:06","slug":"iphone-15-pro-back-image-download-free-png","status":"publish","type":"product","link":"https:\/\/pngate.com\/fr\/produit\/iphone-15-pro-back-image-download-free-png\/","title":{"rendered":"Image arri\u00e8re de l&#039;iPhone 15 Pro \u00e0 t\u00e9l\u00e9charger gratuitement au format PNG"},"content":{"rendered":"","protected":false},"excerpt":{"rendered":"","protected":false},"featured_media":5089,"template":"","meta":{"om_disable_all_campaigns":false,"_monsterinsights_skip_tracking":false,"_monsterinsights_sitenote_active":false,"_monsterinsights_sitenote_note":"","_monsterinsights_sitenote_category":0,"_uf_show_specific_survey":0,"_uf_disable_surveys":false},"product_brand":[],"product_cat":[134,1752,1478,1760],"product_tag":[359,1668,1556,928,365,1552,364,990],"class_list":{"0":"post-5090","1":"product","2":"type-product","3":"status-publish","4":"has-post-thumbnail","6":"product_cat-electronics","7":"product_cat-minimalist","8":"product_cat-mockups","9":"product_cat-phones","10":"product_tag-apple","11":"product_tag-back","12":"product_tag-device","13":"product_tag-high-quality","14":"product_tag-iphone","15":"product_tag-pro","16":"product_tag-smartphone","17":"product_tag-tech","19":"first","20":"instock","21":"downloadable","22":"virtual","23":"purchasable","24":"product-type-simple"},"aioseo_notices":[],"_links":{"self":[{"href":"https:\/\/pngate.com\/fr\/wp-json\/wp\/v2\/product\/5090","targetHints":{"allow":["GET"]}}],"collection":[{"href":"https:\/\/pngate.com\/fr\/wp-json\/wp\/v2\/product"}],"about":[{"href":"https:\/\/pngate.com\/fr\/wp-json\/wp\/v2\/types\/product"}],"version-history":[{"count":2,"href":"https:\/\/pngate.com\/fr\/wp-json\/wp\/v2\/product\/5090\/revisions"}],"predecessor-version":[{"id":16116,"href":"https:\/\/pngate.com\/fr\/wp-json\/wp\/v2\/product\/5090\/revisions\/16116"}],"wp:featuredmedia":[{"embeddable":true,"href":"https:\/\/pngate.com\/fr\/wp-json\/wp\/v2\/media\/5089"}],"wp:attachment":[{"href":"https:\/\/pngate.com\/fr\/wp-json\/wp\/v2\/media?parent=5090"}],"wp:term":[{"taxonomy":"product_brand","embeddable":true,"href":"https:\/\/pngate.com\/fr\/wp-json\/wp\/v2\/product_brand?post=5090"},{"taxonomy":"product_cat","embeddable":true,"href":"https:\/\/pngate.com\/fr\/wp-json\/wp\/v2\/product_cat?post=5090"},{"taxonomy":"product_tag","embeddable":true,"href":"https:\/\/pngate.com\/fr\/wp-json\/wp\/v2\/product_tag?post=5090"}],"curies":[{"name":"wp","href":"https:\/\/api.w.org\/{rel}","templated":true}]}}