{"id":5294,"date":"2025-04-06T12:07:09","date_gmt":"2025-04-06T09:07:09","guid":{"rendered":"https:\/\/pngate.com\/product\/easter-icon-set-3d-realistic-render-free-png\/"},"modified":"2025-07-14T18:15:47","modified_gmt":"2025-07-14T15:15:47","slug":"easter-icon-set-3d-realistic-render-free-png","status":"publish","type":"product","link":"https:\/\/pngate.com\/fr\/produit\/easter-icon-set-3d-realistic-render-free-png\/","title":{"rendered":"Ensemble d&#039;ic\u00f4nes de P\u00e2ques (rendu 3D r\u00e9aliste) PNG gratuit"},"content":{"rendered":"","protected":false},"excerpt":{"rendered":"","protected":false},"featured_media":5293,"template":"","meta":{"om_disable_all_campaigns":false,"_monsterinsights_skip_tracking":false,"_monsterinsights_sitenote_active":false,"_monsterinsights_sitenote_note":"","_monsterinsights_sitenote_category":0,"_uf_show_specific_survey":0,"_uf_disable_surveys":false},"product_brand":[],"product_cat":[14,126,1720,1726,1776],"product_tag":[159,24,1448,1643,168,906,1451,1578],"class_list":{"0":"post-5294","1":"product","2":"type-product","3":"status-publish","4":"has-post-thumbnail","6":"product_cat-icons","7":"product_cat-3d-graphics","8":"product_cat-easter","9":"product_cat-flowers","10":"product_cat-spring","11":"product_tag-3d","12":"product_tag-decoration","13":"product_tag-easter","14":"product_tag-holiday","15":"product_tag-realistic","16":"product_tag-render","17":"product_tag-spring","18":"product_tag-symbols","20":"first","21":"instock","22":"downloadable","23":"virtual","24":"purchasable","25":"product-type-simple"},"aioseo_notices":[],"_links":{"self":[{"href":"https:\/\/pngate.com\/fr\/wp-json\/wp\/v2\/product\/5294","targetHints":{"allow":["GET"]}}],"collection":[{"href":"https:\/\/pngate.com\/fr\/wp-json\/wp\/v2\/product"}],"about":[{"href":"https:\/\/pngate.com\/fr\/wp-json\/wp\/v2\/types\/product"}],"version-history":[{"count":1,"href":"https:\/\/pngate.com\/fr\/wp-json\/wp\/v2\/product\/5294\/revisions"}],"predecessor-version":[{"id":16160,"href":"https:\/\/pngate.com\/fr\/wp-json\/wp\/v2\/product\/5294\/revisions\/16160"}],"wp:featuredmedia":[{"embeddable":true,"href":"https:\/\/pngate.com\/fr\/wp-json\/wp\/v2\/media\/5293"}],"wp:attachment":[{"href":"https:\/\/pngate.com\/fr\/wp-json\/wp\/v2\/media?parent=5294"}],"wp:term":[{"taxonomy":"product_brand","embeddable":true,"href":"https:\/\/pngate.com\/fr\/wp-json\/wp\/v2\/product_brand?post=5294"},{"taxonomy":"product_cat","embeddable":true,"href":"https:\/\/pngate.com\/fr\/wp-json\/wp\/v2\/product_cat?post=5294"},{"taxonomy":"product_tag","embeddable":true,"href":"https:\/\/pngate.com\/fr\/wp-json\/wp\/v2\/product_tag?post=5294"}],"curies":[{"name":"wp","href":"https:\/\/api.w.org\/{rel}","templated":true}]}}