{"id":5303,"date":"2025-04-06T14:22:03","date_gmt":"2025-04-06T11:22:03","guid":{"rendered":"https:\/\/pngate.com\/product\/mothers-day-icon-set-3d-realistic-render-free-png\/"},"modified":"2025-07-14T18:15:47","modified_gmt":"2025-07-14T15:15:47","slug":"mothers-day-icon-set-3d-realistic-render-free-png","status":"publish","type":"product","link":"https:\/\/pngate.com\/fr\/produit\/mothers-day-icon-set-3d-realistic-render-free-png\/","title":{"rendered":"Ensemble d&#039;ic\u00f4nes de la f\u00eate des m\u00e8res (rendu 3D r\u00e9aliste, PNG gratuit)"},"content":{"rendered":"","protected":false},"excerpt":{"rendered":"","protected":false},"featured_media":5302,"template":"","meta":{"om_disable_all_campaigns":false,"_monsterinsights_skip_tracking":false,"_monsterinsights_sitenote_active":false,"_monsterinsights_sitenote_note":"","_monsterinsights_sitenote_category":0,"_uf_show_specific_survey":0,"_uf_disable_surveys":false},"product_brand":[],"product_cat":[1725,1726,128,14],"product_tag":[164,1239,1486,1904,1653,1643,1903,168],"class_list":{"0":"post-5303","1":"product","2":"type-product","3":"status-publish","4":"has-post-thumbnail","6":"product_cat-floral-patterns","7":"product_cat-flowers","8":"product_cat-holidays","9":"product_cat-icons","10":"product_tag-3d-render","11":"product_tag-celebration","12":"product_tag-floral","13":"product_tag-gift","14":"product_tag-greeting","15":"product_tag-holiday","16":"product_tag-mothers-day","17":"product_tag-realistic","19":"first","20":"instock","21":"downloadable","22":"virtual","23":"purchasable","24":"product-type-simple"},"aioseo_notices":[],"_links":{"self":[{"href":"https:\/\/pngate.com\/fr\/wp-json\/wp\/v2\/product\/5303","targetHints":{"allow":["GET"]}}],"collection":[{"href":"https:\/\/pngate.com\/fr\/wp-json\/wp\/v2\/product"}],"about":[{"href":"https:\/\/pngate.com\/fr\/wp-json\/wp\/v2\/types\/product"}],"version-history":[{"count":1,"href":"https:\/\/pngate.com\/fr\/wp-json\/wp\/v2\/product\/5303\/revisions"}],"predecessor-version":[{"id":16163,"href":"https:\/\/pngate.com\/fr\/wp-json\/wp\/v2\/product\/5303\/revisions\/16163"}],"wp:featuredmedia":[{"embeddable":true,"href":"https:\/\/pngate.com\/fr\/wp-json\/wp\/v2\/media\/5302"}],"wp:attachment":[{"href":"https:\/\/pngate.com\/fr\/wp-json\/wp\/v2\/media?parent=5303"}],"wp:term":[{"taxonomy":"product_brand","embeddable":true,"href":"https:\/\/pngate.com\/fr\/wp-json\/wp\/v2\/product_brand?post=5303"},{"taxonomy":"product_cat","embeddable":true,"href":"https:\/\/pngate.com\/fr\/wp-json\/wp\/v2\/product_cat?post=5303"},{"taxonomy":"product_tag","embeddable":true,"href":"https:\/\/pngate.com\/fr\/wp-json\/wp\/v2\/product_tag?post=5303"}],"curies":[{"name":"wp","href":"https:\/\/api.w.org\/{rel}","templated":true}]}}