{"id":5564,"date":"2025-04-11T18:32:04","date_gmt":"2025-04-11T15:32:04","guid":{"rendered":"https:\/\/pngate.com\/product\/realistic-red-santa-hat-clipart-free-png\/"},"modified":"2025-07-14T18:17:16","modified_gmt":"2025-07-14T15:17:16","slug":"realistic-red-santa-hat-clipart-free-png","status":"publish","type":"product","link":"https:\/\/pngate.com\/fr\/produit\/realistic-red-santa-hat-clipart-free-png\/","title":{"rendered":"Chapeau de P\u00e8re No\u00ebl rouge r\u00e9aliste, clipart gratuit PNG"},"content":{"rendered":"","protected":false},"excerpt":{"rendered":"","protected":false},"featured_media":5563,"template":"","meta":{"om_disable_all_campaigns":false,"_monsterinsights_skip_tracking":false,"_monsterinsights_sitenote_active":false,"_monsterinsights_sitenote_note":"","_monsterinsights_sitenote_category":0,"_uf_show_specific_survey":0,"_uf_disable_surveys":false},"product_brand":[],"product_cat":[1709,128,1795],"product_tag":[2227,2030,1452,2158,2226,805],"class_list":{"0":"post-5564","1":"product","2":"type-product","3":"status-publish","4":"has-post-thumbnail","6":"product_cat-christmas","7":"product_cat-holidays","8":"product_cat-winter","9":"product_tag-apparel","10":"product_tag-christmas","11":"product_tag-festive","12":"product_tag-holidays","13":"product_tag-santa-hat","14":"product_tag-winter","16":"first","17":"instock","18":"downloadable","19":"virtual","20":"purchasable","21":"product-type-simple"},"aioseo_notices":[],"_links":{"self":[{"href":"https:\/\/pngate.com\/fr\/wp-json\/wp\/v2\/product\/5564","targetHints":{"allow":["GET"]}}],"collection":[{"href":"https:\/\/pngate.com\/fr\/wp-json\/wp\/v2\/product"}],"about":[{"href":"https:\/\/pngate.com\/fr\/wp-json\/wp\/v2\/types\/product"}],"version-history":[{"count":1,"href":"https:\/\/pngate.com\/fr\/wp-json\/wp\/v2\/product\/5564\/revisions"}],"predecessor-version":[{"id":16245,"href":"https:\/\/pngate.com\/fr\/wp-json\/wp\/v2\/product\/5564\/revisions\/16245"}],"wp:featuredmedia":[{"embeddable":true,"href":"https:\/\/pngate.com\/fr\/wp-json\/wp\/v2\/media\/5563"}],"wp:attachment":[{"href":"https:\/\/pngate.com\/fr\/wp-json\/wp\/v2\/media?parent=5564"}],"wp:term":[{"taxonomy":"product_brand","embeddable":true,"href":"https:\/\/pngate.com\/fr\/wp-json\/wp\/v2\/product_brand?post=5564"},{"taxonomy":"product_cat","embeddable":true,"href":"https:\/\/pngate.com\/fr\/wp-json\/wp\/v2\/product_cat?post=5564"},{"taxonomy":"product_tag","embeddable":true,"href":"https:\/\/pngate.com\/fr\/wp-json\/wp\/v2\/product_tag?post=5564"}],"curies":[{"name":"wp","href":"https:\/\/api.w.org\/{rel}","templated":true}]}}