{"id":5885,"date":"2025-04-27T18:19:55","date_gmt":"2025-04-27T15:19:55","guid":{"rendered":"https:\/\/pngate.com\/product\/hand-drawn-floral-mothers-day-card-illustration-free-png\/"},"modified":"2025-07-14T18:19:00","modified_gmt":"2025-07-14T15:19:00","slug":"hand-drawn-floral-mothers-day-card-illustration-free-png","status":"publish","type":"product","link":"https:\/\/pngate.com\/fr\/produit\/hand-drawn-floral-mothers-day-card-illustration-free-png\/","title":{"rendered":"Carte de f\u00eate des m\u00e8res florale dessin\u00e9e \u00e0 la main, illustration gratuite au format PNG"},"content":{"rendered":"","protected":false},"excerpt":{"rendered":"","protected":false},"featured_media":5884,"template":"","meta":{"om_disable_all_campaigns":false,"_monsterinsights_skip_tracking":false,"_monsterinsights_sitenote_active":false,"_monsterinsights_sitenote_note":"","_monsterinsights_sitenote_category":0,"_uf_show_specific_survey":0,"_uf_disable_surveys":false},"product_brand":[],"product_cat":[2491,1725,1737,128],"product_tag":[1644,2487,440,231,2488,1903,2490,2489],"class_list":{"0":"post-5885","1":"product","2":"type-product","3":"status-publish","4":"has-post-thumbnail","6":"product_cat-card-illustration","7":"product_cat-floral-patterns","8":"product_cat-hand-drawn","9":"product_cat-holidays","10":"product_tag-card-illustration","11":"product_tag-floral-patterns","12":"product_tag-flowers","13":"product_tag-hand-drawn","14":"product_tag-happy-mothers-day","15":"product_tag-mothers-day","16":"product_tag-pink-roses","17":"product_tag-yellow-tulips","19":"first","20":"instock","21":"downloadable","22":"virtual","23":"purchasable","24":"product-type-simple"},"aioseo_notices":[],"_links":{"self":[{"href":"https:\/\/pngate.com\/fr\/wp-json\/wp\/v2\/product\/5885","targetHints":{"allow":["GET"]}}],"collection":[{"href":"https:\/\/pngate.com\/fr\/wp-json\/wp\/v2\/product"}],"about":[{"href":"https:\/\/pngate.com\/fr\/wp-json\/wp\/v2\/types\/product"}],"version-history":[{"count":1,"href":"https:\/\/pngate.com\/fr\/wp-json\/wp\/v2\/product\/5885\/revisions"}],"predecessor-version":[{"id":16348,"href":"https:\/\/pngate.com\/fr\/wp-json\/wp\/v2\/product\/5885\/revisions\/16348"}],"wp:featuredmedia":[{"embeddable":true,"href":"https:\/\/pngate.com\/fr\/wp-json\/wp\/v2\/media\/5884"}],"wp:attachment":[{"href":"https:\/\/pngate.com\/fr\/wp-json\/wp\/v2\/media?parent=5885"}],"wp:term":[{"taxonomy":"product_brand","embeddable":true,"href":"https:\/\/pngate.com\/fr\/wp-json\/wp\/v2\/product_brand?post=5885"},{"taxonomy":"product_cat","embeddable":true,"href":"https:\/\/pngate.com\/fr\/wp-json\/wp\/v2\/product_cat?post=5885"},{"taxonomy":"product_tag","embeddable":true,"href":"https:\/\/pngate.com\/fr\/wp-json\/wp\/v2\/product_tag?post=5885"}],"curies":[{"name":"wp","href":"https:\/\/api.w.org\/{rel}","templated":true}]}}