{"id":5918,"date":"2025-04-28T02:34:57","date_gmt":"2025-04-27T23:34:57","guid":{"rendered":"https:\/\/pngate.com\/product\/happy-mothers-day-paper-cut-heart-free-png\/"},"modified":"2025-07-14T18:19:08","modified_gmt":"2025-07-14T15:19:08","slug":"happy-mothers-day-paper-cut-heart-free-png","status":"publish","type":"product","link":"https:\/\/pngate.com\/fr\/produit\/happy-mothers-day-paper-cut-heart-free-png\/","title":{"rendered":"Bonne f\u00eate des m\u00e8res, c\u0153ur d\u00e9coup\u00e9 en papier PNG gratuit"},"content":{"rendered":"","protected":false},"excerpt":{"rendered":"","protected":false},"featured_media":5917,"template":"","meta":{"om_disable_all_campaigns":false,"_monsterinsights_skip_tracking":false,"_monsterinsights_sitenote_active":false,"_monsterinsights_sitenote_note":"","_monsterinsights_sitenote_category":0,"_uf_show_specific_survey":0,"_uf_disable_surveys":false},"product_brand":[],"product_cat":[124,1725,1739,128],"product_tag":[1239,1563,2519,166,165,1903,2518],"class_list":{"0":"post-5918","1":"product","2":"type-product","3":"status-publish","4":"has-post-thumbnail","6":"product_cat-clipart","7":"product_cat-floral-patterns","8":"product_cat-hearts","9":"product_cat-holidays","10":"product_tag-celebration","11":"product_tag-cute-design","12":"product_tag-greeting-card","13":"product_tag-heart","14":"product_tag-love","15":"product_tag-mothers-day","16":"product_tag-paper-cut","18":"first","19":"instock","20":"downloadable","21":"virtual","22":"purchasable","23":"product-type-simple"},"aioseo_notices":[],"_links":{"self":[{"href":"https:\/\/pngate.com\/fr\/wp-json\/wp\/v2\/product\/5918","targetHints":{"allow":["GET"]}}],"collection":[{"href":"https:\/\/pngate.com\/fr\/wp-json\/wp\/v2\/product"}],"about":[{"href":"https:\/\/pngate.com\/fr\/wp-json\/wp\/v2\/types\/product"}],"version-history":[{"count":1,"href":"https:\/\/pngate.com\/fr\/wp-json\/wp\/v2\/product\/5918\/revisions"}],"predecessor-version":[{"id":16359,"href":"https:\/\/pngate.com\/fr\/wp-json\/wp\/v2\/product\/5918\/revisions\/16359"}],"wp:featuredmedia":[{"embeddable":true,"href":"https:\/\/pngate.com\/fr\/wp-json\/wp\/v2\/media\/5917"}],"wp:attachment":[{"href":"https:\/\/pngate.com\/fr\/wp-json\/wp\/v2\/media?parent=5918"}],"wp:term":[{"taxonomy":"product_brand","embeddable":true,"href":"https:\/\/pngate.com\/fr\/wp-json\/wp\/v2\/product_brand?post=5918"},{"taxonomy":"product_cat","embeddable":true,"href":"https:\/\/pngate.com\/fr\/wp-json\/wp\/v2\/product_cat?post=5918"},{"taxonomy":"product_tag","embeddable":true,"href":"https:\/\/pngate.com\/fr\/wp-json\/wp\/v2\/product_tag?post=5918"}],"curies":[{"name":"wp","href":"https:\/\/api.w.org\/{rel}","templated":true}]}}