{"id":6145,"date":"2025-04-30T04:04:52","date_gmt":"2025-04-30T01:04:52","guid":{"rendered":"https:\/\/pngate.com\/product\/cartoon-comic-style-explosion-with-colorful-bursts-free-png\/"},"modified":"2025-07-14T18:20:12","modified_gmt":"2025-07-14T15:20:12","slug":"cartoon-comic-style-explosion-with-colorful-bursts-free-png","status":"publish","type":"product","link":"https:\/\/pngate.com\/fr\/produit\/cartoon-comic-style-explosion-with-colorful-bursts-free-png\/","title":{"rendered":"Explosion de style bande dessin\u00e9e avec \u00e9clats color\u00e9s PNG gratuit"},"content":{"rendered":"","protected":false},"excerpt":{"rendered":"","protected":false},"featured_media":6144,"template":"","meta":{"om_disable_all_campaigns":false,"_monsterinsights_skip_tracking":false,"_monsterinsights_sitenote_active":false,"_monsterinsights_sitenote_note":"","_monsterinsights_sitenote_category":0,"_uf_show_specific_survey":0,"_uf_disable_surveys":false},"product_brand":[],"product_cat":[798,124,1721],"product_tag":[2675,425,2674,1401,1610,2677,2676],"class_list":{"0":"post-6145","1":"product","2":"type-product","3":"status-publish","4":"has-post-thumbnail","6":"product_cat-cartoon-anime","7":"product_cat-clipart","8":"product_cat-explosions","9":"product_tag-burst","10":"product_tag-colorful","11":"product_tag-comic-style","12":"product_tag-explosion","13":"product_tag-graphic-element","14":"product_tag-halftone","15":"product_tag-pop-art","17":"first","18":"instock","19":"downloadable","20":"virtual","21":"purchasable","22":"product-type-simple"},"aioseo_notices":[],"_links":{"self":[{"href":"https:\/\/pngate.com\/fr\/wp-json\/wp\/v2\/product\/6145","targetHints":{"allow":["GET"]}}],"collection":[{"href":"https:\/\/pngate.com\/fr\/wp-json\/wp\/v2\/product"}],"about":[{"href":"https:\/\/pngate.com\/fr\/wp-json\/wp\/v2\/types\/product"}],"version-history":[{"count":1,"href":"https:\/\/pngate.com\/fr\/wp-json\/wp\/v2\/product\/6145\/revisions"}],"predecessor-version":[{"id":16425,"href":"https:\/\/pngate.com\/fr\/wp-json\/wp\/v2\/product\/6145\/revisions\/16425"}],"wp:featuredmedia":[{"embeddable":true,"href":"https:\/\/pngate.com\/fr\/wp-json\/wp\/v2\/media\/6144"}],"wp:attachment":[{"href":"https:\/\/pngate.com\/fr\/wp-json\/wp\/v2\/media?parent=6145"}],"wp:term":[{"taxonomy":"product_brand","embeddable":true,"href":"https:\/\/pngate.com\/fr\/wp-json\/wp\/v2\/product_brand?post=6145"},{"taxonomy":"product_cat","embeddable":true,"href":"https:\/\/pngate.com\/fr\/wp-json\/wp\/v2\/product_cat?post=6145"},{"taxonomy":"product_tag","embeddable":true,"href":"https:\/\/pngate.com\/fr\/wp-json\/wp\/v2\/product_tag?post=6145"}],"curies":[{"name":"wp","href":"https:\/\/api.w.org\/{rel}","templated":true}]}}