{"id":6151,"date":"2025-04-30T05:34:55","date_gmt":"2025-04-30T02:34:55","guid":{"rendered":"https:\/\/pngate.com\/product\/blue-phone-handset-icon-in-circle-border-free-png\/"},"modified":"2025-07-14T18:20:12","modified_gmt":"2025-07-14T15:20:12","slug":"blue-phone-handset-icon-in-circle-border-free-png","status":"publish","type":"product","link":"https:\/\/pngate.com\/fr\/produit\/blue-phone-handset-icon-in-circle-border-free-png\/","title":{"rendered":"Ic\u00f4ne de t\u00e9l\u00e9phone bleu avec bordure circulaire PNG gratuit"},"content":{"rendered":"","protected":false},"excerpt":{"rendered":"","protected":false},"featured_media":6150,"template":"","meta":{"om_disable_all_campaigns":false,"_monsterinsights_skip_tracking":false,"_monsterinsights_sitenote_active":false,"_monsterinsights_sitenote_note":"","_monsterinsights_sitenote_category":0,"_uf_show_specific_survey":0,"_uf_disable_surveys":false},"product_brand":[],"product_cat":[134,14,1760],"product_tag":[2684,741,2685,287,885,757],"class_list":{"0":"post-6151","1":"product","2":"type-product","3":"status-publish","4":"has-post-thumbnail","6":"product_cat-electronics","7":"product_cat-icons","8":"product_cat-phones","9":"product_tag-call","10":"product_tag-communication","11":"product_tag-contact","12":"product_tag-phone","13":"product_tag-service","14":"product_tag-technology","16":"first","17":"instock","18":"downloadable","19":"virtual","20":"purchasable","21":"product-type-simple"},"aioseo_notices":[],"_links":{"self":[{"href":"https:\/\/pngate.com\/fr\/wp-json\/wp\/v2\/product\/6151","targetHints":{"allow":["GET"]}}],"collection":[{"href":"https:\/\/pngate.com\/fr\/wp-json\/wp\/v2\/product"}],"about":[{"href":"https:\/\/pngate.com\/fr\/wp-json\/wp\/v2\/types\/product"}],"version-history":[{"count":1,"href":"https:\/\/pngate.com\/fr\/wp-json\/wp\/v2\/product\/6151\/revisions"}],"predecessor-version":[{"id":16427,"href":"https:\/\/pngate.com\/fr\/wp-json\/wp\/v2\/product\/6151\/revisions\/16427"}],"wp:featuredmedia":[{"embeddable":true,"href":"https:\/\/pngate.com\/fr\/wp-json\/wp\/v2\/media\/6150"}],"wp:attachment":[{"href":"https:\/\/pngate.com\/fr\/wp-json\/wp\/v2\/media?parent=6151"}],"wp:term":[{"taxonomy":"product_brand","embeddable":true,"href":"https:\/\/pngate.com\/fr\/wp-json\/wp\/v2\/product_brand?post=6151"},{"taxonomy":"product_cat","embeddable":true,"href":"https:\/\/pngate.com\/fr\/wp-json\/wp\/v2\/product_cat?post=6151"},{"taxonomy":"product_tag","embeddable":true,"href":"https:\/\/pngate.com\/fr\/wp-json\/wp\/v2\/product_tag?post=6151"}],"curies":[{"name":"wp","href":"https:\/\/api.w.org\/{rel}","templated":true}]}}