{"id":6175,"date":"2025-04-30T11:35:00","date_gmt":"2025-04-30T08:35:00","guid":{"rendered":"https:\/\/pngate.com\/product\/colorful-abstract-splash-in-vivid-neon-colors-free-png\/"},"modified":"2025-07-14T18:20:20","modified_gmt":"2025-07-14T15:20:20","slug":"colorful-abstract-splash-in-vivid-neon-colors-free-png","status":"publish","type":"product","link":"https:\/\/pngate.com\/fr\/produit\/colorful-abstract-splash-in-vivid-neon-colors-free-png\/","title":{"rendered":"\u00c9claboussures abstraites color\u00e9es aux couleurs n\u00e9on vives PNG gratuit"},"content":{"rendered":"","protected":false},"excerpt":{"rendered":"","protected":false},"featured_media":6174,"template":"","meta":{"om_disable_all_campaigns":false,"_monsterinsights_skip_tracking":false,"_monsterinsights_sitenote_active":false,"_monsterinsights_sitenote_note":"","_monsterinsights_sitenote_category":0,"_uf_show_specific_survey":0,"_uf_disable_surveys":false},"product_brand":[],"product_cat":[1694,124,1661,1782],"product_tag":[2652,2715,2713,1829,2714,2716,2164],"class_list":{"0":"post-6175","1":"product","2":"type-product","3":"status-publish","4":"has-post-thumbnail","6":"product_cat-abstract-shapes","7":"product_cat-clipart","8":"product_cat-patterns","9":"product_cat-textures","10":"product_tag-abstract-art","11":"product_tag-artistic-elements","12":"product_tag-colorful-splash","13":"product_tag-modern-style","14":"product_tag-neon-design","15":"product_tag-paint-burst","16":"product_tag-vibrant-colors","18":"first","19":"instock","20":"downloadable","21":"virtual","22":"purchasable","23":"product-type-simple"},"aioseo_notices":[],"_links":{"self":[{"href":"https:\/\/pngate.com\/fr\/wp-json\/wp\/v2\/product\/6175","targetHints":{"allow":["GET"]}}],"collection":[{"href":"https:\/\/pngate.com\/fr\/wp-json\/wp\/v2\/product"}],"about":[{"href":"https:\/\/pngate.com\/fr\/wp-json\/wp\/v2\/types\/product"}],"version-history":[{"count":1,"href":"https:\/\/pngate.com\/fr\/wp-json\/wp\/v2\/product\/6175\/revisions"}],"predecessor-version":[{"id":16435,"href":"https:\/\/pngate.com\/fr\/wp-json\/wp\/v2\/product\/6175\/revisions\/16435"}],"wp:featuredmedia":[{"embeddable":true,"href":"https:\/\/pngate.com\/fr\/wp-json\/wp\/v2\/media\/6174"}],"wp:attachment":[{"href":"https:\/\/pngate.com\/fr\/wp-json\/wp\/v2\/media?parent=6175"}],"wp:term":[{"taxonomy":"product_brand","embeddable":true,"href":"https:\/\/pngate.com\/fr\/wp-json\/wp\/v2\/product_brand?post=6175"},{"taxonomy":"product_cat","embeddable":true,"href":"https:\/\/pngate.com\/fr\/wp-json\/wp\/v2\/product_cat?post=6175"},{"taxonomy":"product_tag","embeddable":true,"href":"https:\/\/pngate.com\/fr\/wp-json\/wp\/v2\/product_tag?post=6175"}],"curies":[{"name":"wp","href":"https:\/\/api.w.org\/{rel}","templated":true}]}}