{"id":6181,"date":"2025-04-30T13:05:54","date_gmt":"2025-04-30T10:05:54","guid":{"rendered":"https:\/\/pngate.com\/product\/curved-black-upward-arrow-hand-drawn-minimalist-free-png\/"},"modified":"2025-07-14T18:20:28","modified_gmt":"2025-07-14T15:20:28","slug":"curved-black-upward-arrow-hand-drawn-minimalist-free-png","status":"publish","type":"product","link":"https:\/\/pngate.com\/fr\/produit\/curved-black-upward-arrow-hand-drawn-minimalist-free-png\/","title":{"rendered":"Fl\u00e8che noire incurv\u00e9e vers le haut, minimaliste, dessin\u00e9e \u00e0 la main, PNG gratuit"},"content":{"rendered":"","protected":false},"excerpt":{"rendered":"","protected":false},"featured_media":6180,"template":"","meta":{"om_disable_all_campaigns":false,"_monsterinsights_skip_tracking":false,"_monsterinsights_sitenote_active":false,"_monsterinsights_sitenote_note":"","_monsterinsights_sitenote_category":0,"_uf_show_specific_survey":0,"_uf_disable_surveys":false},"product_brand":[],"product_cat":[14,1695,1752],"product_tag":[2724,2207,2388,2725,2163,2723],"class_list":{"0":"post-6181","1":"product","2":"type-product","3":"status-publish","4":"has-post-thumbnail","6":"product_cat-icons","7":"product_cat-arrows","8":"product_cat-minimalist","9":"product_tag-black-arrow","10":"product_tag-hand-drawn-arrow","11":"product_tag-minimalist-design","12":"product_tag-sketched-elements","13":"product_tag-trendy-graphics","14":"product_tag-upward-arrow","16":"first","17":"instock","18":"downloadable","19":"virtual","20":"purchasable","21":"product-type-simple"},"aioseo_notices":[],"_links":{"self":[{"href":"https:\/\/pngate.com\/fr\/wp-json\/wp\/v2\/product\/6181","targetHints":{"allow":["GET"]}}],"collection":[{"href":"https:\/\/pngate.com\/fr\/wp-json\/wp\/v2\/product"}],"about":[{"href":"https:\/\/pngate.com\/fr\/wp-json\/wp\/v2\/types\/product"}],"version-history":[{"count":1,"href":"https:\/\/pngate.com\/fr\/wp-json\/wp\/v2\/product\/6181\/revisions"}],"predecessor-version":[{"id":16437,"href":"https:\/\/pngate.com\/fr\/wp-json\/wp\/v2\/product\/6181\/revisions\/16437"}],"wp:featuredmedia":[{"embeddable":true,"href":"https:\/\/pngate.com\/fr\/wp-json\/wp\/v2\/media\/6180"}],"wp:attachment":[{"href":"https:\/\/pngate.com\/fr\/wp-json\/wp\/v2\/media?parent=6181"}],"wp:term":[{"taxonomy":"product_brand","embeddable":true,"href":"https:\/\/pngate.com\/fr\/wp-json\/wp\/v2\/product_brand?post=6181"},{"taxonomy":"product_cat","embeddable":true,"href":"https:\/\/pngate.com\/fr\/wp-json\/wp\/v2\/product_cat?post=6181"},{"taxonomy":"product_tag","embeddable":true,"href":"https:\/\/pngate.com\/fr\/wp-json\/wp\/v2\/product_tag?post=6181"}],"curies":[{"name":"wp","href":"https:\/\/api.w.org\/{rel}","templated":true}]}}