{"id":6262,"date":"2025-05-05T22:40:41","date_gmt":"2025-05-05T19:40:41","guid":{"rendered":"https:\/\/pngate.com\/product\/golden-holy-book-icon-with-embossed-cross-and-light-aura-glow-free-png\/"},"modified":"2025-07-14T18:20:55","modified_gmt":"2025-07-14T15:20:55","slug":"golden-holy-book-icon-with-embossed-cross-and-light-aura-glow-free-png","status":"publish","type":"product","link":"https:\/\/pngate.com\/fr\/produit\/golden-holy-book-icon-with-embossed-cross-and-light-aura-glow-free-png\/","title":{"rendered":"Ic\u00f4ne de livre sacr\u00e9 dor\u00e9 avec croix en relief et aura lumineuse PNG gratuit"},"content":{"rendered":"","protected":false},"excerpt":{"rendered":"","protected":false},"featured_media":6261,"template":"","meta":{"om_disable_all_campaigns":false,"_monsterinsights_skip_tracking":false,"_monsterinsights_sitenote_active":false,"_monsterinsights_sitenote_note":"","_monsterinsights_sitenote_category":0,"_uf_show_specific_survey":0,"_uf_disable_surveys":false},"product_brand":[],"product_cat":[14,1702,124],"product_tag":[2812,2813,2318,2814,2811,888,1850,1468],"class_list":{"0":"post-6262","1":"product","2":"type-product","3":"status-publish","4":"has-post-thumbnail","6":"product_cat-icons","7":"product_cat-books","8":"product_cat-clipart","9":"product_tag-cross","10":"product_tag-embossed","11":"product_tag-faith","12":"product_tag-glow-effect","13":"product_tag-holy-book","14":"product_tag-iconography","15":"product_tag-religious","16":"product_tag-spirituality","18":"first","19":"instock","20":"downloadable","21":"virtual","22":"purchasable","23":"product-type-simple"},"aioseo_notices":[],"_links":{"self":[{"href":"https:\/\/pngate.com\/fr\/wp-json\/wp\/v2\/product\/6262","targetHints":{"allow":["GET"]}}],"collection":[{"href":"https:\/\/pngate.com\/fr\/wp-json\/wp\/v2\/product"}],"about":[{"href":"https:\/\/pngate.com\/fr\/wp-json\/wp\/v2\/types\/product"}],"version-history":[{"count":1,"href":"https:\/\/pngate.com\/fr\/wp-json\/wp\/v2\/product\/6262\/revisions"}],"predecessor-version":[{"id":16464,"href":"https:\/\/pngate.com\/fr\/wp-json\/wp\/v2\/product\/6262\/revisions\/16464"}],"wp:featuredmedia":[{"embeddable":true,"href":"https:\/\/pngate.com\/fr\/wp-json\/wp\/v2\/media\/6261"}],"wp:attachment":[{"href":"https:\/\/pngate.com\/fr\/wp-json\/wp\/v2\/media?parent=6262"}],"wp:term":[{"taxonomy":"product_brand","embeddable":true,"href":"https:\/\/pngate.com\/fr\/wp-json\/wp\/v2\/product_brand?post=6262"},{"taxonomy":"product_cat","embeddable":true,"href":"https:\/\/pngate.com\/fr\/wp-json\/wp\/v2\/product_cat?post=6262"},{"taxonomy":"product_tag","embeddable":true,"href":"https:\/\/pngate.com\/fr\/wp-json\/wp\/v2\/product_tag?post=6262"}],"curies":[{"name":"wp","href":"https:\/\/api.w.org\/{rel}","templated":true}]}}