{"id":6298,"date":"2025-05-06T07:40:39","date_gmt":"2025-05-06T04:40:39","guid":{"rendered":"https:\/\/pngate.com\/product\/orange-right-arrow-gradient-soft-ui-icon-free-png\/"},"modified":"2025-07-14T18:21:10","modified_gmt":"2025-07-14T15:21:10","slug":"orange-right-arrow-gradient-soft-ui-icon-free-png","status":"publish","type":"product","link":"https:\/\/pngate.com\/fr\/produit\/orange-right-arrow-gradient-soft-ui-icon-free-png\/","title":{"rendered":"Ic\u00f4ne d&#039;interface utilisateur souple d\u00e9grad\u00e9e fl\u00e8che droite orange (PNG gratuit)"},"content":{"rendered":"","protected":false},"excerpt":{"rendered":"","protected":false},"featured_media":6297,"template":"","meta":{"om_disable_all_campaigns":false,"_monsterinsights_skip_tracking":false,"_monsterinsights_sitenote_active":false,"_monsterinsights_sitenote_note":"","_monsterinsights_sitenote_category":0,"_uf_show_specific_survey":0,"_uf_disable_surveys":false},"product_brand":[],"product_cat":[1694,1695,1706,14],"product_tag":[977,148,970,322,2837,1106],"class_list":{"0":"post-6298","1":"product","2":"type-product","3":"status-publish","4":"has-post-thumbnail","6":"product_cat-abstract-shapes","7":"product_cat-arrows","8":"product_cat-buttons-ui","9":"product_cat-icons","10":"product_tag-arrows","11":"product_tag-gradient","12":"product_tag-navigation","13":"product_tag-orange","14":"product_tag-soft-ui","15":"product_tag-user-interface","17":"first","18":"instock","19":"downloadable","20":"virtual","21":"purchasable","22":"product-type-simple"},"aioseo_notices":[],"_links":{"self":[{"href":"https:\/\/pngate.com\/fr\/wp-json\/wp\/v2\/product\/6298","targetHints":{"allow":["GET"]}}],"collection":[{"href":"https:\/\/pngate.com\/fr\/wp-json\/wp\/v2\/product"}],"about":[{"href":"https:\/\/pngate.com\/fr\/wp-json\/wp\/v2\/types\/product"}],"version-history":[{"count":1,"href":"https:\/\/pngate.com\/fr\/wp-json\/wp\/v2\/product\/6298\/revisions"}],"predecessor-version":[{"id":16476,"href":"https:\/\/pngate.com\/fr\/wp-json\/wp\/v2\/product\/6298\/revisions\/16476"}],"wp:featuredmedia":[{"embeddable":true,"href":"https:\/\/pngate.com\/fr\/wp-json\/wp\/v2\/media\/6297"}],"wp:attachment":[{"href":"https:\/\/pngate.com\/fr\/wp-json\/wp\/v2\/media?parent=6298"}],"wp:term":[{"taxonomy":"product_brand","embeddable":true,"href":"https:\/\/pngate.com\/fr\/wp-json\/wp\/v2\/product_brand?post=6298"},{"taxonomy":"product_cat","embeddable":true,"href":"https:\/\/pngate.com\/fr\/wp-json\/wp\/v2\/product_cat?post=6298"},{"taxonomy":"product_tag","embeddable":true,"href":"https:\/\/pngate.com\/fr\/wp-json\/wp\/v2\/product_tag?post=6298"}],"curies":[{"name":"wp","href":"https:\/\/api.w.org\/{rel}","templated":true}]}}