{"id":6765,"date":"2025-05-09T12:21:09","date_gmt":"2025-05-09T09:21:09","guid":{"rendered":"https:\/\/pngate.com\/product\/golden-yellow-sparkle-stars-different-sizes-free-png\/"},"modified":"2025-07-14T18:22:46","modified_gmt":"2025-07-14T15:22:46","slug":"golden-yellow-sparkle-stars-different-sizes-free-png","status":"publish","type":"product","link":"https:\/\/pngate.com\/fr\/produit\/golden-yellow-sparkle-stars-different-sizes-free-png\/","title":{"rendered":"\u00c9toiles scintillantes jaunes dor\u00e9es de diff\u00e9rentes tailles (PNG gratuit)"},"content":{"rendered":"","protected":false},"excerpt":{"rendered":"","protected":false},"featured_media":6764,"template":"","meta":{"om_disable_all_campaigns":false,"_monsterinsights_skip_tracking":false,"_monsterinsights_sitenote_active":false,"_monsterinsights_sitenote_note":"","_monsterinsights_sitenote_category":0,"_uf_show_specific_survey":0,"_uf_disable_surveys":false},"product_brand":[],"product_cat":[1698,124,1772,1778],"product_tag":[3098,3095,3096,2787,437,3097,3094],"class_list":{"0":"post-6765","1":"product","2":"type-product","3":"status-publish","4":"has-post-thumbnail","6":"product_cat-backgrounds","7":"product_cat-clipart","8":"product_cat-sparkles","9":"product_cat-stars","10":"product_tag-celebration-designs","11":"product_tag-celestial-decorations","12":"product_tag-event-decor","13":"product_tag-festive-elements","14":"product_tag-golden-stars","15":"product_tag-shimmering-effects","16":"product_tag-sparkle-graphics","18":"first","19":"instock","20":"downloadable","21":"virtual","22":"purchasable","23":"product-type-simple"},"aioseo_notices":[],"_links":{"self":[{"href":"https:\/\/pngate.com\/fr\/wp-json\/wp\/v2\/product\/6765","targetHints":{"allow":["GET"]}}],"collection":[{"href":"https:\/\/pngate.com\/fr\/wp-json\/wp\/v2\/product"}],"about":[{"href":"https:\/\/pngate.com\/fr\/wp-json\/wp\/v2\/types\/product"}],"version-history":[{"count":1,"href":"https:\/\/pngate.com\/fr\/wp-json\/wp\/v2\/product\/6765\/revisions"}],"predecessor-version":[{"id":16575,"href":"https:\/\/pngate.com\/fr\/wp-json\/wp\/v2\/product\/6765\/revisions\/16575"}],"wp:featuredmedia":[{"embeddable":true,"href":"https:\/\/pngate.com\/fr\/wp-json\/wp\/v2\/media\/6764"}],"wp:attachment":[{"href":"https:\/\/pngate.com\/fr\/wp-json\/wp\/v2\/media?parent=6765"}],"wp:term":[{"taxonomy":"product_brand","embeddable":true,"href":"https:\/\/pngate.com\/fr\/wp-json\/wp\/v2\/product_brand?post=6765"},{"taxonomy":"product_cat","embeddable":true,"href":"https:\/\/pngate.com\/fr\/wp-json\/wp\/v2\/product_cat?post=6765"},{"taxonomy":"product_tag","embeddable":true,"href":"https:\/\/pngate.com\/fr\/wp-json\/wp\/v2\/product_tag?post=6765"}],"curies":[{"name":"wp","href":"https:\/\/api.w.org\/{rel}","templated":true}]}}