{"id":6903,"date":"2025-05-10T13:39:09","date_gmt":"2025-05-10T10:39:09","guid":{"rendered":"https:\/\/pngate.com\/product\/realistic-golden-light-glares-sparkle-effects-free-png\/"},"modified":"2025-07-14T18:23:34","modified_gmt":"2025-07-14T15:23:34","slug":"realistic-golden-light-glares-sparkle-effects-free-png","status":"publish","type":"product","link":"https:\/\/pngate.com\/fr\/produit\/realistic-golden-light-glares-sparkle-effects-free-png\/","title":{"rendered":"Effets de scintillement de lumi\u00e8re dor\u00e9e r\u00e9alistes (PNG gratuit)"},"content":{"rendered":"","protected":false},"excerpt":{"rendered":"","protected":false},"featured_media":6902,"template":"","meta":{"om_disable_all_campaigns":false,"_monsterinsights_skip_tracking":false,"_monsterinsights_sitenote_active":false,"_monsterinsights_sitenote_note":"","_monsterinsights_sitenote_category":0,"_uf_show_specific_survey":0,"_uf_disable_surveys":false},"product_brand":[],"product_cat":[1734,1744,1772],"product_tag":[2830,3224,928,3226,3225],"class_list":{"0":"post-6903","1":"product","2":"type-product","3":"status-publish","4":"has-post-thumbnail","6":"product_cat-glow-effects","7":"product_cat-light-effects","8":"product_cat-sparkles","9":"product_tag-glow-effects","10":"product_tag-golden-light","11":"product_tag-high-quality","12":"product_tag-shiny-textures","13":"product_tag-sparkle-effects","15":"first","16":"instock","17":"downloadable","18":"virtual","19":"purchasable","20":"product-type-simple"},"aioseo_notices":[],"_links":{"self":[{"href":"https:\/\/pngate.com\/fr\/wp-json\/wp\/v2\/product\/6903","targetHints":{"allow":["GET"]}}],"collection":[{"href":"https:\/\/pngate.com\/fr\/wp-json\/wp\/v2\/product"}],"about":[{"href":"https:\/\/pngate.com\/fr\/wp-json\/wp\/v2\/types\/product"}],"version-history":[{"count":1,"href":"https:\/\/pngate.com\/fr\/wp-json\/wp\/v2\/product\/6903\/revisions"}],"predecessor-version":[{"id":16621,"href":"https:\/\/pngate.com\/fr\/wp-json\/wp\/v2\/product\/6903\/revisions\/16621"}],"wp:featuredmedia":[{"embeddable":true,"href":"https:\/\/pngate.com\/fr\/wp-json\/wp\/v2\/media\/6902"}],"wp:attachment":[{"href":"https:\/\/pngate.com\/fr\/wp-json\/wp\/v2\/media?parent=6903"}],"wp:term":[{"taxonomy":"product_brand","embeddable":true,"href":"https:\/\/pngate.com\/fr\/wp-json\/wp\/v2\/product_brand?post=6903"},{"taxonomy":"product_cat","embeddable":true,"href":"https:\/\/pngate.com\/fr\/wp-json\/wp\/v2\/product_cat?post=6903"},{"taxonomy":"product_tag","embeddable":true,"href":"https:\/\/pngate.com\/fr\/wp-json\/wp\/v2\/product_tag?post=6903"}],"curies":[{"name":"wp","href":"https:\/\/api.w.org\/{rel}","templated":true}]}}