{"id":6957,"date":"2025-05-10T23:33:11","date_gmt":"2025-05-10T20:33:11","guid":{"rendered":"https:\/\/pngate.com\/product\/secure-password-icon-in-isometric-style-free-png\/"},"modified":"2025-07-14T18:23:50","modified_gmt":"2025-07-14T15:23:50","slug":"secure-password-icon-in-isometric-style-free-png","status":"publish","type":"product","link":"https:\/\/pngate.com\/fr\/produit\/secure-password-icon-in-isometric-style-free-png\/","title":{"rendered":"Ic\u00f4ne de mot de passe s\u00e9curis\u00e9 en style isom\u00e9trique (PNG gratuit)"},"content":{"rendered":"","protected":false},"excerpt":{"rendered":"","protected":false},"featured_media":6956,"template":"","meta":{"om_disable_all_campaigns":false,"_monsterinsights_skip_tracking":false,"_monsterinsights_sitenote_active":false,"_monsterinsights_sitenote_note":"","_monsterinsights_sitenote_category":0,"_uf_show_specific_survey":0,"_uf_disable_surveys":false},"product_brand":[],"product_cat":[14,126],"product_tag":[2065,3276,3277,1867,3275,3274,757],"class_list":{"0":"post-6957","1":"product","2":"type-product","3":"status-publish","4":"has-post-thumbnail","6":"product_cat-icons","7":"product_cat-3d-graphics","8":"product_tag-3d-graphics","9":"product_tag-blue-entry-bar","10":"product_tag-digital-security","11":"product_tag-modern-design","12":"product_tag-padlock","13":"product_tag-secure-password","14":"product_tag-technology","16":"first","17":"instock","18":"downloadable","19":"virtual","20":"purchasable","21":"product-type-simple"},"aioseo_notices":[],"_links":{"self":[{"href":"https:\/\/pngate.com\/fr\/wp-json\/wp\/v2\/product\/6957","targetHints":{"allow":["GET"]}}],"collection":[{"href":"https:\/\/pngate.com\/fr\/wp-json\/wp\/v2\/product"}],"about":[{"href":"https:\/\/pngate.com\/fr\/wp-json\/wp\/v2\/types\/product"}],"version-history":[{"count":1,"href":"https:\/\/pngate.com\/fr\/wp-json\/wp\/v2\/product\/6957\/revisions"}],"predecessor-version":[{"id":16639,"href":"https:\/\/pngate.com\/fr\/wp-json\/wp\/v2\/product\/6957\/revisions\/16639"}],"wp:featuredmedia":[{"embeddable":true,"href":"https:\/\/pngate.com\/fr\/wp-json\/wp\/v2\/media\/6956"}],"wp:attachment":[{"href":"https:\/\/pngate.com\/fr\/wp-json\/wp\/v2\/media?parent=6957"}],"wp:term":[{"taxonomy":"product_brand","embeddable":true,"href":"https:\/\/pngate.com\/fr\/wp-json\/wp\/v2\/product_brand?post=6957"},{"taxonomy":"product_cat","embeddable":true,"href":"https:\/\/pngate.com\/fr\/wp-json\/wp\/v2\/product_cat?post=6957"},{"taxonomy":"product_tag","embeddable":true,"href":"https:\/\/pngate.com\/fr\/wp-json\/wp\/v2\/product_tag?post=6957"}],"curies":[{"name":"wp","href":"https:\/\/api.w.org\/{rel}","templated":true}]}}