{"id":7377,"date":"2025-05-14T20:10:15","date_gmt":"2025-05-14T17:10:15","guid":{"rendered":"https:\/\/pngate.com\/product\/colorful-christian-cross-icons-in-minimal-vector-style-free-png\/"},"modified":"2025-07-14T18:26:07","modified_gmt":"2025-07-14T15:26:07","slug":"colorful-christian-cross-icons-in-minimal-vector-style-free-png","status":"publish","type":"product","link":"https:\/\/pngate.com\/fr\/produit\/colorful-christian-cross-icons-in-minimal-vector-style-free-png\/","title":{"rendered":"Ic\u00f4nes de croix chr\u00e9tiennes color\u00e9es dans un style vectoriel minimaliste PNG gratuit"},"content":{"rendered":"","protected":false},"excerpt":{"rendered":"","protected":false},"featured_media":7376,"template":"","meta":{"om_disable_all_campaigns":false,"_monsterinsights_skip_tracking":false,"_monsterinsights_sitenote_active":false,"_monsterinsights_sitenote_note":"","_monsterinsights_sitenote_category":0,"_uf_show_specific_survey":0,"_uf_disable_surveys":false},"product_brand":[],"product_cat":[14,124,1752],"product_tag":[3471,3470,3428,928,2803,2316,2735],"class_list":{"0":"post-7377","1":"product","2":"type-product","3":"status-publish","4":"has-post-thumbnail","6":"product_cat-icons","7":"product_cat-clipart","8":"product_cat-minimalist","9":"product_tag-art-collection","10":"product_tag-christian-crosses","11":"product_tag-colorful-icons","12":"product_tag-high-quality","13":"product_tag-minimal-style","14":"product_tag-religious-symbols","15":"product_tag-vector-graphics","17":"first","18":"instock","19":"downloadable","20":"virtual","21":"purchasable","22":"product-type-simple"},"aioseo_notices":[],"_links":{"self":[{"href":"https:\/\/pngate.com\/fr\/wp-json\/wp\/v2\/product\/7377","targetHints":{"allow":["GET"]}}],"collection":[{"href":"https:\/\/pngate.com\/fr\/wp-json\/wp\/v2\/product"}],"about":[{"href":"https:\/\/pngate.com\/fr\/wp-json\/wp\/v2\/types\/product"}],"version-history":[{"count":1,"href":"https:\/\/pngate.com\/fr\/wp-json\/wp\/v2\/product\/7377\/revisions"}],"predecessor-version":[{"id":16779,"href":"https:\/\/pngate.com\/fr\/wp-json\/wp\/v2\/product\/7377\/revisions\/16779"}],"wp:featuredmedia":[{"embeddable":true,"href":"https:\/\/pngate.com\/fr\/wp-json\/wp\/v2\/media\/7376"}],"wp:attachment":[{"href":"https:\/\/pngate.com\/fr\/wp-json\/wp\/v2\/media?parent=7377"}],"wp:term":[{"taxonomy":"product_brand","embeddable":true,"href":"https:\/\/pngate.com\/fr\/wp-json\/wp\/v2\/product_brand?post=7377"},{"taxonomy":"product_cat","embeddable":true,"href":"https:\/\/pngate.com\/fr\/wp-json\/wp\/v2\/product_cat?post=7377"},{"taxonomy":"product_tag","embeddable":true,"href":"https:\/\/pngate.com\/fr\/wp-json\/wp\/v2\/product_tag?post=7377"}],"curies":[{"name":"wp","href":"https:\/\/api.w.org\/{rel}","templated":true}]}}