{"id":7413,"date":"2025-05-15T00:45:08","date_gmt":"2025-05-14T21:45:08","guid":{"rendered":"https:\/\/pngate.com\/product\/karaoke-logo-with-retro-microphone-and-star-free-png\/"},"modified":"2025-07-14T18:26:24","modified_gmt":"2025-07-14T15:26:24","slug":"karaoke-logo-with-retro-microphone-and-star-free-png","status":"publish","type":"product","link":"https:\/\/pngate.com\/fr\/produit\/karaoke-logo-with-retro-microphone-and-star-free-png\/","title":{"rendered":"Logo de karaok\u00e9 avec microphone r\u00e9tro et \u00e9toile PNG gratuit"},"content":{"rendered":"","protected":false},"excerpt":{"rendered":"","protected":false},"featured_media":7412,"template":"","meta":{"om_disable_all_campaigns":false,"_monsterinsights_skip_tracking":false,"_monsterinsights_sitenote_active":false,"_monsterinsights_sitenote_note":"","_monsterinsights_sitenote_category":0,"_uf_show_specific_survey":0,"_uf_disable_surveys":false},"product_brand":[],"product_cat":[129,138,1763],"product_tag":[3129,2273,1005,3497,773,199,781],"class_list":{"0":"post-7413","1":"product","2":"type-product","3":"status-publish","4":"has-post-thumbnail","6":"product_cat-logos","7":"product_cat-music","8":"product_cat-retro","9":"product_tag-karaoke","10":"product_tag-microphone","11":"product_tag-music","12":"product_tag-pop-style","13":"product_tag-retro","14":"product_tag-stars","15":"product_tag-vintage","17":"first","18":"instock","19":"downloadable","20":"virtual","21":"purchasable","22":"product-type-simple"},"aioseo_notices":[],"_links":{"self":[{"href":"https:\/\/pngate.com\/fr\/wp-json\/wp\/v2\/product\/7413","targetHints":{"allow":["GET"]}}],"collection":[{"href":"https:\/\/pngate.com\/fr\/wp-json\/wp\/v2\/product"}],"about":[{"href":"https:\/\/pngate.com\/fr\/wp-json\/wp\/v2\/types\/product"}],"version-history":[{"count":1,"href":"https:\/\/pngate.com\/fr\/wp-json\/wp\/v2\/product\/7413\/revisions"}],"predecessor-version":[{"id":16791,"href":"https:\/\/pngate.com\/fr\/wp-json\/wp\/v2\/product\/7413\/revisions\/16791"}],"wp:featuredmedia":[{"embeddable":true,"href":"https:\/\/pngate.com\/fr\/wp-json\/wp\/v2\/media\/7412"}],"wp:attachment":[{"href":"https:\/\/pngate.com\/fr\/wp-json\/wp\/v2\/media?parent=7413"}],"wp:term":[{"taxonomy":"product_brand","embeddable":true,"href":"https:\/\/pngate.com\/fr\/wp-json\/wp\/v2\/product_brand?post=7413"},{"taxonomy":"product_cat","embeddable":true,"href":"https:\/\/pngate.com\/fr\/wp-json\/wp\/v2\/product_cat?post=7413"},{"taxonomy":"product_tag","embeddable":true,"href":"https:\/\/pngate.com\/fr\/wp-json\/wp\/v2\/product_tag?post=7413"}],"curies":[{"name":"wp","href":"https:\/\/api.w.org\/{rel}","templated":true}]}}