{"id":7482,"date":"2025-05-15T14:05:07","date_gmt":"2025-05-15T11:05:07","guid":{"rendered":"https:\/\/pngate.com\/product\/lightning-bolt-blue-circle-icon-high-quality-free-png\/"},"modified":"2025-07-14T18:26:48","modified_gmt":"2025-07-14T15:26:48","slug":"lightning-bolt-blue-circle-icon-high-quality-free-png","status":"publish","type":"product","link":"https:\/\/pngate.com\/fr\/produit\/lightning-bolt-blue-circle-icon-high-quality-free-png\/","title":{"rendered":"Ic\u00f4ne de cercle bleu en forme d&#039;\u00e9clair PNG gratuit de haute qualit\u00e9"},"content":{"rendered":"","protected":false},"excerpt":{"rendered":"","protected":false},"featured_media":7481,"template":"","meta":{"om_disable_all_campaigns":false,"_monsterinsights_skip_tracking":false,"_monsterinsights_sitenote_active":false,"_monsterinsights_sitenote_note":"","_monsterinsights_sitenote_category":0,"_uf_show_specific_survey":0,"_uf_disable_surveys":false},"product_brand":[],"product_cat":[14,124,1732,1752],"product_tag":[2405,225,1338,2734,3542,949],"class_list":{"0":"post-7482","1":"product","2":"type-product","3":"status-publish","4":"has-post-thumbnail","6":"product_cat-icons","7":"product_cat-clipart","8":"product_cat-geometric-shapes","9":"product_cat-minimalist","10":"product_tag-blue-icon","11":"product_tag-circle","12":"product_tag-energy","13":"product_tag-flat-design","14":"product_tag-lightning-bolt","15":"product_tag-symbol","17":"first","18":"instock","19":"downloadable","20":"virtual","21":"purchasable","22":"product-type-simple"},"aioseo_notices":[],"_links":{"self":[{"href":"https:\/\/pngate.com\/fr\/wp-json\/wp\/v2\/product\/7482","targetHints":{"allow":["GET"]}}],"collection":[{"href":"https:\/\/pngate.com\/fr\/wp-json\/wp\/v2\/product"}],"about":[{"href":"https:\/\/pngate.com\/fr\/wp-json\/wp\/v2\/types\/product"}],"version-history":[{"count":1,"href":"https:\/\/pngate.com\/fr\/wp-json\/wp\/v2\/product\/7482\/revisions"}],"predecessor-version":[{"id":16814,"href":"https:\/\/pngate.com\/fr\/wp-json\/wp\/v2\/product\/7482\/revisions\/16814"}],"wp:featuredmedia":[{"embeddable":true,"href":"https:\/\/pngate.com\/fr\/wp-json\/wp\/v2\/media\/7481"}],"wp:attachment":[{"href":"https:\/\/pngate.com\/fr\/wp-json\/wp\/v2\/media?parent=7482"}],"wp:term":[{"taxonomy":"product_brand","embeddable":true,"href":"https:\/\/pngate.com\/fr\/wp-json\/wp\/v2\/product_brand?post=7482"},{"taxonomy":"product_cat","embeddable":true,"href":"https:\/\/pngate.com\/fr\/wp-json\/wp\/v2\/product_cat?post=7482"},{"taxonomy":"product_tag","embeddable":true,"href":"https:\/\/pngate.com\/fr\/wp-json\/wp\/v2\/product_tag?post=7482"}],"curies":[{"name":"wp","href":"https:\/\/api.w.org\/{rel}","templated":true}]}}