{"id":7641,"date":"2025-05-16T10:02:35","date_gmt":"2025-05-16T07:02:35","guid":{"rendered":"https:\/\/pngate.com\/product\/microsoft-edge-browser-blue-green-gradient-icon-free-png\/"},"modified":"2025-07-14T18:27:37","modified_gmt":"2025-07-14T15:27:37","slug":"microsoft-edge-browser-blue-green-gradient-icon-free-png","status":"publish","type":"product","link":"https:\/\/pngate.com\/fr\/produit\/microsoft-edge-browser-blue-green-gradient-icon-free-png\/","title":{"rendered":"Ic\u00f4ne de d\u00e9grad\u00e9 bleu-vert du navigateur Microsoft Edge (PNG gratuit)"},"content":{"rendered":"","protected":false},"excerpt":{"rendered":"","protected":false},"featured_media":7640,"template":"","meta":{"om_disable_all_campaigns":false,"_monsterinsights_skip_tracking":false,"_monsterinsights_sitenote_active":false,"_monsterinsights_sitenote_note":"","_monsterinsights_sitenote_category":0,"_uf_show_specific_survey":0,"_uf_disable_surveys":false},"product_brand":[],"product_cat":[134,14,129],"product_tag":[3649,3648,3650,2050,3647,1259,757],"class_list":{"0":"post-7641","1":"product","2":"type-product","3":"status-publish","4":"has-post-thumbnail","6":"product_cat-electronics","7":"product_cat-icons","8":"product_cat-logos","9":"product_tag-blue-gradient","10":"product_tag-browser-icon","11":"product_tag-green-gradient","12":"product_tag-logo-design","13":"product_tag-microsoft-edge","14":"product_tag-minimalism","15":"product_tag-technology","17":"first","18":"instock","19":"downloadable","20":"virtual","21":"purchasable","22":"product-type-simple"},"aioseo_notices":[],"_links":{"self":[{"href":"https:\/\/pngate.com\/fr\/wp-json\/wp\/v2\/product\/7641","targetHints":{"allow":["GET"]}}],"collection":[{"href":"https:\/\/pngate.com\/fr\/wp-json\/wp\/v2\/product"}],"about":[{"href":"https:\/\/pngate.com\/fr\/wp-json\/wp\/v2\/types\/product"}],"version-history":[{"count":1,"href":"https:\/\/pngate.com\/fr\/wp-json\/wp\/v2\/product\/7641\/revisions"}],"predecessor-version":[{"id":16867,"href":"https:\/\/pngate.com\/fr\/wp-json\/wp\/v2\/product\/7641\/revisions\/16867"}],"wp:featuredmedia":[{"embeddable":true,"href":"https:\/\/pngate.com\/fr\/wp-json\/wp\/v2\/media\/7640"}],"wp:attachment":[{"href":"https:\/\/pngate.com\/fr\/wp-json\/wp\/v2\/media?parent=7641"}],"wp:term":[{"taxonomy":"product_brand","embeddable":true,"href":"https:\/\/pngate.com\/fr\/wp-json\/wp\/v2\/product_brand?post=7641"},{"taxonomy":"product_cat","embeddable":true,"href":"https:\/\/pngate.com\/fr\/wp-json\/wp\/v2\/product_cat?post=7641"},{"taxonomy":"product_tag","embeddable":true,"href":"https:\/\/pngate.com\/fr\/wp-json\/wp\/v2\/product_tag?post=7641"}],"curies":[{"name":"wp","href":"https:\/\/api.w.org\/{rel}","templated":true}]}}