{"id":7848,"date":"2025-05-17T11:19:25","date_gmt":"2025-05-17T08:19:25","guid":{"rendered":"https:\/\/pngate.com\/product\/azure-blue-gradient-3d-letter-a-icon-free-png\/"},"modified":"2025-07-14T18:28:50","modified_gmt":"2025-07-14T15:28:50","slug":"azure-blue-gradient-3d-letter-a-icon-free-png","status":"publish","type":"product","link":"https:\/\/pngate.com\/fr\/produit\/azure-blue-gradient-3d-letter-a-icon-free-png\/","title":{"rendered":"Ic\u00f4ne 3D d\u00e9grad\u00e9 bleu azur lettre A (PNG gratuit)"},"content":{"rendered":"","protected":false},"excerpt":{"rendered":"","protected":false},"featured_media":7847,"template":"","meta":{"om_disable_all_campaigns":false,"_monsterinsights_skip_tracking":false,"_monsterinsights_sitenote_active":false,"_monsterinsights_sitenote_note":"","_monsterinsights_sitenote_category":0,"_uf_show_specific_survey":0,"_uf_disable_surveys":false},"product_brand":[],"product_cat":[14,126,129],"product_tag":[3781,3782,3649,3533,3783,3784],"class_list":{"0":"post-7848","1":"product","2":"type-product","3":"status-publish","4":"has-post-thumbnail","6":"product_cat-icons","7":"product_cat-3d-graphics","8":"product_cat-logos","9":"product_tag-3d-letter","10":"product_tag-azure-design","11":"product_tag-blue-gradient","12":"product_tag-modern-icon","13":"product_tag-sleek-logo","14":"product_tag-tech-style","16":"first","17":"instock","18":"downloadable","19":"virtual","20":"purchasable","21":"product-type-simple"},"aioseo_notices":[],"_links":{"self":[{"href":"https:\/\/pngate.com\/fr\/wp-json\/wp\/v2\/product\/7848","targetHints":{"allow":["GET"]}}],"collection":[{"href":"https:\/\/pngate.com\/fr\/wp-json\/wp\/v2\/product"}],"about":[{"href":"https:\/\/pngate.com\/fr\/wp-json\/wp\/v2\/types\/product"}],"version-history":[{"count":1,"href":"https:\/\/pngate.com\/fr\/wp-json\/wp\/v2\/product\/7848\/revisions"}],"predecessor-version":[{"id":16936,"href":"https:\/\/pngate.com\/fr\/wp-json\/wp\/v2\/product\/7848\/revisions\/16936"}],"wp:featuredmedia":[{"embeddable":true,"href":"https:\/\/pngate.com\/fr\/wp-json\/wp\/v2\/media\/7847"}],"wp:attachment":[{"href":"https:\/\/pngate.com\/fr\/wp-json\/wp\/v2\/media?parent=7848"}],"wp:term":[{"taxonomy":"product_brand","embeddable":true,"href":"https:\/\/pngate.com\/fr\/wp-json\/wp\/v2\/product_brand?post=7848"},{"taxonomy":"product_cat","embeddable":true,"href":"https:\/\/pngate.com\/fr\/wp-json\/wp\/v2\/product_cat?post=7848"},{"taxonomy":"product_tag","embeddable":true,"href":"https:\/\/pngate.com\/fr\/wp-json\/wp\/v2\/product_tag?post=7848"}],"curies":[{"name":"wp","href":"https:\/\/api.w.org\/{rel}","templated":true}]}}