{"id":7908,"date":"2025-05-17T18:39:29","date_gmt":"2025-05-17T15:39:29","guid":{"rendered":"https:\/\/pngate.com\/product\/canva-blue-purple-gradient-circle-design-tool-icon-free-png\/"},"modified":"2025-07-14T18:29:14","modified_gmt":"2025-07-14T15:29:14","slug":"canva-blue-purple-gradient-circle-design-tool-icon-free-png","status":"publish","type":"product","link":"https:\/\/pngate.com\/fr\/produit\/canva-blue-purple-gradient-circle-design-tool-icon-free-png\/","title":{"rendered":"Ic\u00f4ne de l&#039;outil de conception de cercle d\u00e9grad\u00e9 bleu violet Canva (PNG gratuit)"},"content":{"rendered":"","protected":false},"excerpt":{"rendered":"","protected":false},"featured_media":7907,"template":"","meta":{"om_disable_all_campaigns":false,"_monsterinsights_skip_tracking":false,"_monsterinsights_sitenote_active":false,"_monsterinsights_sitenote_note":"","_monsterinsights_sitenote_category":0,"_uf_show_specific_survey":0,"_uf_disable_surveys":false},"product_brand":[],"product_cat":[14,1694,124,129],"product_tag":[3587,3826,713,1441,712],"class_list":{"0":"post-7908","1":"product","2":"type-product","3":"status-publish","4":"has-post-thumbnail","6":"product_cat-icons","7":"product_cat-abstract-shapes","8":"product_cat-clipart","9":"product_cat-logos","10":"product_tag-blue-purple","11":"product_tag-canva","12":"product_tag-creativity","13":"product_tag-digital-tools","14":"product_tag-graphic-design","16":"first","17":"instock","18":"downloadable","19":"virtual","20":"purchasable","21":"product-type-simple"},"aioseo_notices":[],"_links":{"self":[{"href":"https:\/\/pngate.com\/fr\/wp-json\/wp\/v2\/product\/7908","targetHints":{"allow":["GET"]}}],"collection":[{"href":"https:\/\/pngate.com\/fr\/wp-json\/wp\/v2\/product"}],"about":[{"href":"https:\/\/pngate.com\/fr\/wp-json\/wp\/v2\/types\/product"}],"version-history":[{"count":1,"href":"https:\/\/pngate.com\/fr\/wp-json\/wp\/v2\/product\/7908\/revisions"}],"predecessor-version":[{"id":16956,"href":"https:\/\/pngate.com\/fr\/wp-json\/wp\/v2\/product\/7908\/revisions\/16956"}],"wp:featuredmedia":[{"embeddable":true,"href":"https:\/\/pngate.com\/fr\/wp-json\/wp\/v2\/media\/7907"}],"wp:attachment":[{"href":"https:\/\/pngate.com\/fr\/wp-json\/wp\/v2\/media?parent=7908"}],"wp:term":[{"taxonomy":"product_brand","embeddable":true,"href":"https:\/\/pngate.com\/fr\/wp-json\/wp\/v2\/product_brand?post=7908"},{"taxonomy":"product_cat","embeddable":true,"href":"https:\/\/pngate.com\/fr\/wp-json\/wp\/v2\/product_cat?post=7908"},{"taxonomy":"product_tag","embeddable":true,"href":"https:\/\/pngate.com\/fr\/wp-json\/wp\/v2\/product_tag?post=7908"}],"curies":[{"name":"wp","href":"https:\/\/api.w.org\/{rel}","templated":true}]}}