{"id":7923,"date":"2025-05-17T20:29:41","date_gmt":"2025-05-17T17:29:41","guid":{"rendered":"https:\/\/pngate.com\/product\/chakra-ui-lightning-bolt-teal-gradient-circle-free-png\/"},"modified":"2025-07-14T18:29:14","modified_gmt":"2025-07-14T15:29:14","slug":"chakra-ui-lightning-bolt-teal-gradient-circle-free-png","status":"publish","type":"product","link":"https:\/\/pngate.com\/fr\/produit\/chakra-ui-lightning-bolt-teal-gradient-circle-free-png\/","title":{"rendered":"Chakra UI \u00c9clair Bleu Sarcelle D\u00e9grad\u00e9 Cercle PNG gratuit"},"content":{"rendered":"","protected":false},"excerpt":{"rendered":"","protected":false},"featured_media":7922,"template":"","meta":{"om_disable_all_campaigns":false,"_monsterinsights_skip_tracking":false,"_monsterinsights_sitenote_active":false,"_monsterinsights_sitenote_note":"","_monsterinsights_sitenote_category":0,"_uf_show_specific_survey":0,"_uf_disable_surveys":false},"product_brand":[],"product_cat":[14,1694,1752],"product_tag":[3586,3836,3542,947,768,3837,757],"class_list":{"0":"post-7923","1":"product","2":"type-product","3":"status-publish","4":"has-post-thumbnail","6":"product_cat-icons","7":"product_cat-abstract-shapes","8":"product_cat-minimalist","9":"product_tag-abstract-shape","10":"product_tag-chakra-ui","11":"product_tag-lightning-bolt","12":"product_tag-minimalist","13":"product_tag-modern","14":"product_tag-teal-gradient","15":"product_tag-technology","17":"first","18":"instock","19":"downloadable","20":"virtual","21":"purchasable","22":"product-type-simple"},"aioseo_notices":[],"_links":{"self":[{"href":"https:\/\/pngate.com\/fr\/wp-json\/wp\/v2\/product\/7923","targetHints":{"allow":["GET"]}}],"collection":[{"href":"https:\/\/pngate.com\/fr\/wp-json\/wp\/v2\/product"}],"about":[{"href":"https:\/\/pngate.com\/fr\/wp-json\/wp\/v2\/types\/product"}],"version-history":[{"count":1,"href":"https:\/\/pngate.com\/fr\/wp-json\/wp\/v2\/product\/7923\/revisions"}],"predecessor-version":[{"id":16961,"href":"https:\/\/pngate.com\/fr\/wp-json\/wp\/v2\/product\/7923\/revisions\/16961"}],"wp:featuredmedia":[{"embeddable":true,"href":"https:\/\/pngate.com\/fr\/wp-json\/wp\/v2\/media\/7922"}],"wp:attachment":[{"href":"https:\/\/pngate.com\/fr\/wp-json\/wp\/v2\/media?parent=7923"}],"wp:term":[{"taxonomy":"product_brand","embeddable":true,"href":"https:\/\/pngate.com\/fr\/wp-json\/wp\/v2\/product_brand?post=7923"},{"taxonomy":"product_cat","embeddable":true,"href":"https:\/\/pngate.com\/fr\/wp-json\/wp\/v2\/product_cat?post=7923"},{"taxonomy":"product_tag","embeddable":true,"href":"https:\/\/pngate.com\/fr\/wp-json\/wp\/v2\/product_tag?post=7923"}],"curies":[{"name":"wp","href":"https:\/\/api.w.org\/{rel}","templated":true}]}}