{"id":8931,"date":"2025-05-26T17:00:27","date_gmt":"2025-05-26T14:00:27","guid":{"rendered":"https:\/\/pngate.com\/product\/unamused-face-emoji-yellow-gradient-expression-free-png\/"},"modified":"2025-07-14T18:34:51","modified_gmt":"2025-07-14T15:34:51","slug":"unamused-face-emoji-yellow-gradient-expression-free-png","status":"publish","type":"product","link":"https:\/\/pngate.com\/fr\/produit\/unamused-face-emoji-yellow-gradient-expression-free-png\/","title":{"rendered":"Emoji visage d\u00e9tendu, expression jaune d\u00e9grad\u00e9e, PNG gratuit"},"content":{"rendered":"","protected":false},"excerpt":{"rendered":"","protected":false},"featured_media":8930,"template":"","meta":{"om_disable_all_campaigns":false,"_monsterinsights_skip_tracking":false,"_monsterinsights_sitenote_active":false,"_monsterinsights_sitenote_note":"","_monsterinsights_sitenote_category":0,"_uf_show_specific_survey":0,"_uf_disable_surveys":false},"product_brand":[],"product_cat":[1796,130],"product_tag":[412,860,928,1829,653,3550],"class_list":{"0":"post-8931","1":"product","2":"type-product","3":"status-publish","4":"has-post-thumbnail","6":"product_cat-emoji","7":"product_cat-social-web","8":"product_tag-emoji","9":"product_tag-expression","10":"product_tag-high-quality","11":"product_tag-modern-style","12":"product_tag-transparent-background","13":"product_tag-yellow-gradient","15":"first","16":"instock","17":"downloadable","18":"virtual","19":"purchasable","20":"product-type-simple"},"aioseo_notices":[],"_links":{"self":[{"href":"https:\/\/pngate.com\/fr\/wp-json\/wp\/v2\/product\/8931","targetHints":{"allow":["GET"]}}],"collection":[{"href":"https:\/\/pngate.com\/fr\/wp-json\/wp\/v2\/product"}],"about":[{"href":"https:\/\/pngate.com\/fr\/wp-json\/wp\/v2\/types\/product"}],"version-history":[{"count":1,"href":"https:\/\/pngate.com\/fr\/wp-json\/wp\/v2\/product\/8931\/revisions"}],"predecessor-version":[{"id":17288,"href":"https:\/\/pngate.com\/fr\/wp-json\/wp\/v2\/product\/8931\/revisions\/17288"}],"wp:featuredmedia":[{"embeddable":true,"href":"https:\/\/pngate.com\/fr\/wp-json\/wp\/v2\/media\/8930"}],"wp:attachment":[{"href":"https:\/\/pngate.com\/fr\/wp-json\/wp\/v2\/media?parent=8931"}],"wp:term":[{"taxonomy":"product_brand","embeddable":true,"href":"https:\/\/pngate.com\/fr\/wp-json\/wp\/v2\/product_brand?post=8931"},{"taxonomy":"product_cat","embeddable":true,"href":"https:\/\/pngate.com\/fr\/wp-json\/wp\/v2\/product_cat?post=8931"},{"taxonomy":"product_tag","embeddable":true,"href":"https:\/\/pngate.com\/fr\/wp-json\/wp\/v2\/product_tag?post=8931"}],"curies":[{"name":"wp","href":"https:\/\/api.w.org\/{rel}","templated":true}]}}