{"id":9345,"date":"2025-05-27T23:46:48","date_gmt":"2025-05-27T20:46:48","guid":{"rendered":"https:\/\/pngate.com\/product\/realistic-papaya-fruit-with-half-cut-showing-seeds-free-png\/"},"modified":"2025-07-14T18:37:07","modified_gmt":"2025-07-14T15:37:07","slug":"realistic-papaya-fruit-with-half-cut-showing-seeds-free-png","status":"publish","type":"product","link":"https:\/\/pngate.com\/fr\/produit\/realistic-papaya-fruit-with-half-cut-showing-seeds-free-png\/","title":{"rendered":"Papaye r\u00e9aliste avec moiti\u00e9 coup\u00e9e montrant les graines (PNG gratuit)"},"content":{"rendered":"","protected":false},"excerpt":{"rendered":"","protected":false},"featured_media":9344,"template":"","meta":{"om_disable_all_campaigns":false,"_monsterinsights_skip_tracking":false,"_monsterinsights_sitenote_active":false,"_monsterinsights_sitenote_note":"","_monsterinsights_sitenote_category":0,"_uf_show_specific_survey":0,"_uf_disable_surveys":false},"product_brand":[],"product_cat":[4792,344,1728],"product_tag":[4791,1566,928,4789,351,653,4790,3969],"class_list":{"0":"post-9345","1":"product","2":"type-product","3":"status-publish","4":"has-post-thumbnail","6":"product_cat-tropical-fruits","7":"product_cat-food","8":"product_cat-fruits","9":"product_tag-exotic-food","10":"product_tag-fruit-illustration","11":"product_tag-high-quality","12":"product_tag-papaya","13":"product_tag-seeds","14":"product_tag-transparent-background","15":"product_tag-tropical-fruit","16":"product_tag-yellow-orange","18":"first","19":"instock","20":"downloadable","21":"virtual","22":"purchasable","23":"product-type-simple"},"aioseo_notices":[],"_links":{"self":[{"href":"https:\/\/pngate.com\/fr\/wp-json\/wp\/v2\/product\/9345","targetHints":{"allow":["GET"]}}],"collection":[{"href":"https:\/\/pngate.com\/fr\/wp-json\/wp\/v2\/product"}],"about":[{"href":"https:\/\/pngate.com\/fr\/wp-json\/wp\/v2\/types\/product"}],"version-history":[{"count":1,"href":"https:\/\/pngate.com\/fr\/wp-json\/wp\/v2\/product\/9345\/revisions"}],"predecessor-version":[{"id":17426,"href":"https:\/\/pngate.com\/fr\/wp-json\/wp\/v2\/product\/9345\/revisions\/17426"}],"wp:featuredmedia":[{"embeddable":true,"href":"https:\/\/pngate.com\/fr\/wp-json\/wp\/v2\/media\/9344"}],"wp:attachment":[{"href":"https:\/\/pngate.com\/fr\/wp-json\/wp\/v2\/media?parent=9345"}],"wp:term":[{"taxonomy":"product_brand","embeddable":true,"href":"https:\/\/pngate.com\/fr\/wp-json\/wp\/v2\/product_brand?post=9345"},{"taxonomy":"product_cat","embeddable":true,"href":"https:\/\/pngate.com\/fr\/wp-json\/wp\/v2\/product_cat?post=9345"},{"taxonomy":"product_tag","embeddable":true,"href":"https:\/\/pngate.com\/fr\/wp-json\/wp\/v2\/product_tag?post=9345"}],"curies":[{"name":"wp","href":"https:\/\/api.w.org\/{rel}","templated":true}]}}