{"id":9366,"date":"2025-05-28T00:49:47","date_gmt":"2025-05-27T21:49:47","guid":{"rendered":"https:\/\/pngate.com\/product\/bull-market-icon-with-rising-graph-arrow-free-png\/"},"modified":"2025-07-14T18:37:15","modified_gmt":"2025-07-14T15:37:15","slug":"bull-market-icon-with-rising-graph-arrow-free-png","status":"publish","type":"product","link":"https:\/\/pngate.com\/fr\/produit\/bull-market-icon-with-rising-graph-arrow-free-png\/","title":{"rendered":"Ic\u00f4ne de march\u00e9 haussier avec fl\u00e8che ascendante \u2013 PNG gratuit"},"content":{"rendered":"","protected":false},"excerpt":{"rendered":"","protected":false},"featured_media":9365,"template":"","meta":{"om_disable_all_campaigns":false,"_monsterinsights_skip_tracking":false,"_monsterinsights_sitenote_active":false,"_monsterinsights_sitenote_note":"","_monsterinsights_sitenote_category":0,"_uf_show_specific_survey":0,"_uf_disable_surveys":false},"product_brand":[],"product_cat":[14,129,1753],"product_tag":[4818,4820,4823,4819,1282,4822,2261,4821],"class_list":{"0":"post-9366","1":"product","2":"type-product","3":"status-publish","4":"has-post-thumbnail","6":"product_cat-icons","7":"product_cat-logos","8":"product_cat-money","9":"product_tag-bull-market","10":"product_tag-bullish-trend","11":"product_tag-economic-success","12":"product_tag-financial-growth","13":"product_tag-investment","14":"product_tag-rising-graph","15":"product_tag-silhouette","16":"product_tag-stock-market","18":"first","19":"instock","20":"downloadable","21":"virtual","22":"purchasable","23":"product-type-simple"},"aioseo_notices":[],"_links":{"self":[{"href":"https:\/\/pngate.com\/fr\/wp-json\/wp\/v2\/product\/9366","targetHints":{"allow":["GET"]}}],"collection":[{"href":"https:\/\/pngate.com\/fr\/wp-json\/wp\/v2\/product"}],"about":[{"href":"https:\/\/pngate.com\/fr\/wp-json\/wp\/v2\/types\/product"}],"version-history":[{"count":1,"href":"https:\/\/pngate.com\/fr\/wp-json\/wp\/v2\/product\/9366\/revisions"}],"predecessor-version":[{"id":17433,"href":"https:\/\/pngate.com\/fr\/wp-json\/wp\/v2\/product\/9366\/revisions\/17433"}],"wp:featuredmedia":[{"embeddable":true,"href":"https:\/\/pngate.com\/fr\/wp-json\/wp\/v2\/media\/9365"}],"wp:attachment":[{"href":"https:\/\/pngate.com\/fr\/wp-json\/wp\/v2\/media?parent=9366"}],"wp:term":[{"taxonomy":"product_brand","embeddable":true,"href":"https:\/\/pngate.com\/fr\/wp-json\/wp\/v2\/product_brand?post=9366"},{"taxonomy":"product_cat","embeddable":true,"href":"https:\/\/pngate.com\/fr\/wp-json\/wp\/v2\/product_cat?post=9366"},{"taxonomy":"product_tag","embeddable":true,"href":"https:\/\/pngate.com\/fr\/wp-json\/wp\/v2\/product_tag?post=9366"}],"curies":[{"name":"wp","href":"https:\/\/api.w.org\/{rel}","templated":true}]}}