{"id":9387,"date":"2025-05-28T02:02:04","date_gmt":"2025-05-27T23:02:04","guid":{"rendered":"https:\/\/pngate.com\/product\/golden-50th-anniversary-celebration-icon-free-png\/"},"modified":"2025-07-14T18:37:23","modified_gmt":"2025-07-14T15:37:23","slug":"golden-50th-anniversary-celebration-icon-free-png","status":"publish","type":"product","link":"https:\/\/pngate.com\/fr\/produit\/golden-50th-anniversary-celebration-icon-free-png\/","title":{"rendered":"Ic\u00f4ne de c\u00e9l\u00e9bration du 50e anniversaire d&#039;or PNG gratuit"},"content":{"rendered":"","protected":false},"excerpt":{"rendered":"","protected":false},"featured_media":9386,"template":"","meta":{"om_disable_all_campaigns":false,"_monsterinsights_skip_tracking":false,"_monsterinsights_sitenote_active":false,"_monsterinsights_sitenote_note":"","_monsterinsights_sitenote_category":0,"_uf_show_specific_survey":0,"_uf_disable_surveys":false},"product_brand":[],"product_cat":[126,1700,1948,1994,128],"product_tag":[4840,4838,1239,4841,4839,4842,4843],"class_list":{"0":"post-9387","1":"product","2":"type-product","3":"status-publish","4":"has-post-thumbnail","6":"product_cat-3d-graphics","7":"product_cat-birthday","8":"product_cat-celebrations","9":"product_cat-events","10":"product_cat-holidays","11":"product_tag-3d-numbers","12":"product_tag-50th-anniversary","13":"product_tag-celebration","14":"product_tag-festive-decor","15":"product_tag-golden-jubilee","16":"product_tag-milestone-event","17":"product_tag-party-theme","19":"first","20":"instock","21":"downloadable","22":"virtual","23":"purchasable","24":"product-type-simple"},"aioseo_notices":[],"_links":{"self":[{"href":"https:\/\/pngate.com\/fr\/wp-json\/wp\/v2\/product\/9387","targetHints":{"allow":["GET"]}}],"collection":[{"href":"https:\/\/pngate.com\/fr\/wp-json\/wp\/v2\/product"}],"about":[{"href":"https:\/\/pngate.com\/fr\/wp-json\/wp\/v2\/types\/product"}],"version-history":[{"count":1,"href":"https:\/\/pngate.com\/fr\/wp-json\/wp\/v2\/product\/9387\/revisions"}],"predecessor-version":[{"id":17440,"href":"https:\/\/pngate.com\/fr\/wp-json\/wp\/v2\/product\/9387\/revisions\/17440"}],"wp:featuredmedia":[{"embeddable":true,"href":"https:\/\/pngate.com\/fr\/wp-json\/wp\/v2\/media\/9386"}],"wp:attachment":[{"href":"https:\/\/pngate.com\/fr\/wp-json\/wp\/v2\/media?parent=9387"}],"wp:term":[{"taxonomy":"product_brand","embeddable":true,"href":"https:\/\/pngate.com\/fr\/wp-json\/wp\/v2\/product_brand?post=9387"},{"taxonomy":"product_cat","embeddable":true,"href":"https:\/\/pngate.com\/fr\/wp-json\/wp\/v2\/product_cat?post=9387"},{"taxonomy":"product_tag","embeddable":true,"href":"https:\/\/pngate.com\/fr\/wp-json\/wp\/v2\/product_tag?post=9387"}],"curies":[{"name":"wp","href":"https:\/\/api.w.org\/{rel}","templated":true}]}}