{"id":9435,"date":"2025-05-28T04:17:27","date_gmt":"2025-05-28T01:17:27","guid":{"rendered":"https:\/\/pngate.com\/product\/gold-foil-balloon-number-5-decoration-free-png\/"},"modified":"2025-07-14T18:37:39","modified_gmt":"2025-07-14T15:37:39","slug":"gold-foil-balloon-number-5-decoration-free-png","status":"publish","type":"product","link":"https:\/\/pngate.com\/fr\/produit\/gold-foil-balloon-number-5-decoration-free-png\/","title":{"rendered":"Ballon dor\u00e9 num\u00e9ro 5 (d\u00e9coration gratuite au format PNG)"},"content":{"rendered":"","protected":false},"excerpt":{"rendered":"","protected":false},"featured_media":9434,"template":"","meta":{"om_disable_all_campaigns":false,"_monsterinsights_skip_tracking":false,"_monsterinsights_sitenote_active":false,"_monsterinsights_sitenote_note":"","_monsterinsights_sitenote_category":0,"_uf_show_specific_survey":0,"_uf_disable_surveys":false},"product_brand":[],"product_cat":[4899,1699,1700],"product_tag":[426,434,1452,4887,4898,4897],"class_list":{"0":"post-9435","1":"product","2":"type-product","3":"status-publish","4":"has-post-thumbnail","6":"product_cat-party-decorations","7":"product_cat-balloons","8":"product_cat-birthday","9":"product_tag-balloons","10":"product_tag-birthday","11":"product_tag-festive","12":"product_tag-gold-foil","13":"product_tag-number-five","14":"product_tag-party-decorations","16":"first","17":"instock","18":"downloadable","19":"virtual","20":"purchasable","21":"product-type-simple"},"aioseo_notices":[],"_links":{"self":[{"href":"https:\/\/pngate.com\/fr\/wp-json\/wp\/v2\/product\/9435","targetHints":{"allow":["GET"]}}],"collection":[{"href":"https:\/\/pngate.com\/fr\/wp-json\/wp\/v2\/product"}],"about":[{"href":"https:\/\/pngate.com\/fr\/wp-json\/wp\/v2\/types\/product"}],"version-history":[{"count":1,"href":"https:\/\/pngate.com\/fr\/wp-json\/wp\/v2\/product\/9435\/revisions"}],"predecessor-version":[{"id":17456,"href":"https:\/\/pngate.com\/fr\/wp-json\/wp\/v2\/product\/9435\/revisions\/17456"}],"wp:featuredmedia":[{"embeddable":true,"href":"https:\/\/pngate.com\/fr\/wp-json\/wp\/v2\/media\/9434"}],"wp:attachment":[{"href":"https:\/\/pngate.com\/fr\/wp-json\/wp\/v2\/media?parent=9435"}],"wp:term":[{"taxonomy":"product_brand","embeddable":true,"href":"https:\/\/pngate.com\/fr\/wp-json\/wp\/v2\/product_brand?post=9435"},{"taxonomy":"product_cat","embeddable":true,"href":"https:\/\/pngate.com\/fr\/wp-json\/wp\/v2\/product_cat?post=9435"},{"taxonomy":"product_tag","embeddable":true,"href":"https:\/\/pngate.com\/fr\/wp-json\/wp\/v2\/product_tag?post=9435"}],"curies":[{"name":"wp","href":"https:\/\/api.w.org\/{rel}","templated":true}]}}