{"id":9456,"date":"2025-05-28T05:16:27","date_gmt":"2025-05-28T02:16:27","guid":{"rendered":"https:\/\/pngate.com\/product\/happy-mothers-day-floral-heart-design-free-png\/"},"modified":"2025-07-14T18:37:47","modified_gmt":"2025-07-14T15:37:47","slug":"happy-mothers-day-floral-heart-design-free-png","status":"publish","type":"product","link":"https:\/\/pngate.com\/fr\/produit\/happy-mothers-day-floral-heart-design-free-png\/","title":{"rendered":"Joyeuse f\u00eate des m\u00e8res, motif floral en forme de c\u0153ur, PNG gratuit"},"content":{"rendered":"","protected":false},"excerpt":{"rendered":"","protected":false},"featured_media":9455,"template":"","meta":{"om_disable_all_campaigns":false,"_monsterinsights_skip_tracking":false,"_monsterinsights_sitenote_active":false,"_monsterinsights_sitenote_note":"","_monsterinsights_sitenote_category":0,"_uf_show_specific_survey":0,"_uf_disable_surveys":false},"product_brand":[],"product_cat":[2014,1725,1726,128],"product_tag":[1239,1486,440,2519,166,1903,1451,1258],"class_list":{"0":"post-9456","1":"product","2":"type-product","3":"status-publish","4":"has-post-thumbnail","6":"product_cat-cards","7":"product_cat-floral-patterns","8":"product_cat-flowers","9":"product_cat-holidays","10":"product_tag-celebration","11":"product_tag-floral","12":"product_tag-flowers","13":"product_tag-greeting-card","14":"product_tag-heart","15":"product_tag-mothers-day","16":"product_tag-spring","17":"product_tag-vibrant","19":"first","20":"instock","21":"downloadable","22":"virtual","23":"purchasable","24":"product-type-simple"},"aioseo_notices":[],"_links":{"self":[{"href":"https:\/\/pngate.com\/fr\/wp-json\/wp\/v2\/product\/9456","targetHints":{"allow":["GET"]}}],"collection":[{"href":"https:\/\/pngate.com\/fr\/wp-json\/wp\/v2\/product"}],"about":[{"href":"https:\/\/pngate.com\/fr\/wp-json\/wp\/v2\/types\/product"}],"version-history":[{"count":1,"href":"https:\/\/pngate.com\/fr\/wp-json\/wp\/v2\/product\/9456\/revisions"}],"predecessor-version":[{"id":17463,"href":"https:\/\/pngate.com\/fr\/wp-json\/wp\/v2\/product\/9456\/revisions\/17463"}],"wp:featuredmedia":[{"embeddable":true,"href":"https:\/\/pngate.com\/fr\/wp-json\/wp\/v2\/media\/9455"}],"wp:attachment":[{"href":"https:\/\/pngate.com\/fr\/wp-json\/wp\/v2\/media?parent=9456"}],"wp:term":[{"taxonomy":"product_brand","embeddable":true,"href":"https:\/\/pngate.com\/fr\/wp-json\/wp\/v2\/product_brand?post=9456"},{"taxonomy":"product_cat","embeddable":true,"href":"https:\/\/pngate.com\/fr\/wp-json\/wp\/v2\/product_cat?post=9456"},{"taxonomy":"product_tag","embeddable":true,"href":"https:\/\/pngate.com\/fr\/wp-json\/wp\/v2\/product_tag?post=9456"}],"curies":[{"name":"wp","href":"https:\/\/api.w.org\/{rel}","templated":true}]}}