{"id":9489,"date":"2025-05-28T06:36:49","date_gmt":"2025-05-28T03:36:49","guid":{"rendered":"https:\/\/pngate.com\/product\/pink-and-blue-metallic-number-4-balloons-party-decoration-free-png\/"},"modified":"2025-07-14T18:37:55","modified_gmt":"2025-07-14T15:37:55","slug":"pink-and-blue-metallic-number-4-balloons-party-decoration-free-png","status":"publish","type":"product","link":"https:\/\/pngate.com\/fr\/produit\/pink-and-blue-metallic-number-4-balloons-party-decoration-free-png\/","title":{"rendered":"Ballons m\u00e9talliques roses et bleus num\u00e9ro 4 pour d\u00e9coration de f\u00eate (PNG gratuit)"},"content":{"rendered":"","protected":false},"excerpt":{"rendered":"","protected":false},"featured_media":9488,"template":"","meta":{"om_disable_all_campaigns":false,"_monsterinsights_skip_tracking":false,"_monsterinsights_sitenote_active":false,"_monsterinsights_sitenote_note":"","_monsterinsights_sitenote_category":0,"_uf_show_specific_survey":0,"_uf_disable_surveys":false},"product_brand":[],"product_cat":[1699,1700],"product_tag":[426,434,2228,4952,1241,3535],"class_list":{"0":"post-9489","1":"product","2":"type-product","3":"status-publish","4":"has-post-thumbnail","6":"product_cat-balloons","7":"product_cat-birthday","8":"product_tag-balloons","9":"product_tag-birthday","10":"product_tag-decorations","11":"product_tag-number-balloons","12":"product_tag-party","13":"product_tag-pink-blue","15":"first","16":"instock","17":"downloadable","18":"virtual","19":"purchasable","20":"product-type-simple"},"aioseo_notices":[],"_links":{"self":[{"href":"https:\/\/pngate.com\/fr\/wp-json\/wp\/v2\/product\/9489","targetHints":{"allow":["GET"]}}],"collection":[{"href":"https:\/\/pngate.com\/fr\/wp-json\/wp\/v2\/product"}],"about":[{"href":"https:\/\/pngate.com\/fr\/wp-json\/wp\/v2\/types\/product"}],"version-history":[{"count":1,"href":"https:\/\/pngate.com\/fr\/wp-json\/wp\/v2\/product\/9489\/revisions"}],"predecessor-version":[{"id":17474,"href":"https:\/\/pngate.com\/fr\/wp-json\/wp\/v2\/product\/9489\/revisions\/17474"}],"wp:featuredmedia":[{"embeddable":true,"href":"https:\/\/pngate.com\/fr\/wp-json\/wp\/v2\/media\/9488"}],"wp:attachment":[{"href":"https:\/\/pngate.com\/fr\/wp-json\/wp\/v2\/media?parent=9489"}],"wp:term":[{"taxonomy":"product_brand","embeddable":true,"href":"https:\/\/pngate.com\/fr\/wp-json\/wp\/v2\/product_brand?post=9489"},{"taxonomy":"product_cat","embeddable":true,"href":"https:\/\/pngate.com\/fr\/wp-json\/wp\/v2\/product_cat?post=9489"},{"taxonomy":"product_tag","embeddable":true,"href":"https:\/\/pngate.com\/fr\/wp-json\/wp\/v2\/product_tag?post=9489"}],"curies":[{"name":"wp","href":"https:\/\/api.w.org\/{rel}","templated":true}]}}